{"id":8269,"date":"2019-09-02T07:41:51","date_gmt":"2019-09-02T06:41:51","guid":{"rendered":"https:\/\/rmvalencia.com\/tatsu-pagina-8248\/"},"modified":"2024-07-19T14:44:10","modified_gmt":"2024-07-19T13:44:10","slug":"regtitularreal","status":"publish","type":"page","link":"https:\/\/rmvalencia.com\/val\/regtitularreal\/","title":{"rendered":"Registre Titularitats Reals"},"content":{"rendered":"<div  class=\"tatsu-BJbRNY49SS tatsu-section    tatsu-clearfix\" data-title=\"\"  data-headerscheme=\"background--dark\"><div class='tatsu-section-pad clearfix' data-padding='{\"d\":\"10px 0px 10px 0px\"}' data-padding-top='10px'><div class=\"tatsu-row-wrap  tatsu-wrap tatsu-row-one-col tatsu-row-has-one-cols tatsu-medium-gutter tatsu-reg-cols  tatsu-clearfix tatsu-rJeCNFV5HS\" ><div  class=\"tatsu-row \" ><div  class=\"tatsu-column  tatsu-column-no-bg tatsu-one-col tatsu-column-image-none tatsu-column-effect-none  tatsu-ByANtVcSS\"  data-parallax-speed=\"0\" style=\"\"><div class=\"tatsu-column-inner \" ><div class=\"tatsu-column-pad-wrap\"><div class=\"tatsu-column-pad\" >\n<div  class=\" tatsu-HkWeEAEcHB tabs oshine-module\"  ><ul class=\"clearfix be-tab-header\"><li><a id=\"tatsu-SkeE0NcSS\" class=\"tab-icon icon-icon_info\" href=\"#fragment-1-1394762419\">Informaci\u00f3<\/a>  <\/li>\n<li><a id=\"tatsu-SJgxNR4cHB\" class=\"tab-icon icon-disk\" href=\"#fragment-2-1394762419\">Preguntes Freq\u00fcents<\/a> <style>#tatsu-SJgxNR4cHB{color: rgba(199,14,91,1) ;}<\/style> <\/li><\/ul><div id=\"fragment-1-1394762419\" class=\"clearfix be-tab-content\">\n<h5 style=\"text-align: justify;\"><strong><span style=\"font-size: 12pt; color: #af1e2d;\">Registre de Titularitats Reals (RETIR) \/ <\/span><\/strong><strong><span style=\"font-size: 12pt;\">Declaraci\u00f3 de Titular Real<\/span><\/strong><\/h5>\n<p style=\"text-align: justify;\"><span style=\"font-size: 12pt;\">Conforme al que es preveu en la legislaci\u00f3\u00a0 de prevenci\u00f3 del blanqueig de capitals, els administradors de les societats o entitats inscriptibles en el Registre Mercantil, en la seua qualitat de prestadors de serveis, s\u00f3n subjectes obligats a identificar el titular real d\u00e1quelles segons el que es preveu en l&#8217;article 4 de la Llei 10\/2010, de 28 d&#8217;abril de prevenci\u00f3 del blanqueig de capitals i del finan\u00e7ament del terrorisme i en el seu reglament de desenvolupament (art. 8 i 9 del Reglament aprovat per RD 304\/2014, de 5 de maig):\u00a0 A aquest efecte, com disposa el Reglament de la Llei abans citada (cf. art. 9.1 i 9.2 RD), &#8220;els administradors de les societats o altres persones jur\u00eddiques hauran d&#8217;obtindre i mantindre informaci\u00f3 adequada, precisa i actualitzada de la titularitat d&#8217;aquestes&#8221;. En relaci\u00f3 amb aix\u00f3, tractan-se de societats an\u00f2nimes o limitades, la gesti\u00f3 i cust\u00f2dia del llibre registre de socis i del llibre- registre d&#8217;accions nominatives correspon als administradors (cf. art 104 i 116 LSC).\u00a0\u00a0<\/span><\/p>\n<p style=\"text-align: justify;\"><span style=\"font-size: 12pt;\">L&#8217;Ordre JUS\/319\/2018, de 21 de mar\u00e7, per la qual s&#8217;aproven els nous models per a la presentaci\u00f3 en el Registre Mercantil dels comptes anuals dels subjectes obligats a la seua publicaci\u00f3 va tindre com a principal novetat el document que porta per rubrica &#8220;Declaraci\u00f3 d&#8217;identificaci\u00f3 del titular real&#8221; i en el qual ha de contindre informaci\u00f3 extra-comptable exigible en aplicaci\u00f3 del que s&#8217;estableix en la Directiva (UE) 2015\/849 del Parlament Europeu i del Consell de 20 de maig de 2015, relativa a la prevenci\u00f3 de la utilitzaci\u00f3 del sistema financer per al blanqueig de capitals o el finan\u00e7ament del terrorisme.\u00a0 \u00a0<\/span><\/p>\n<p style=\"text-align: justify;\"><span style=\"font-size: 12pt; color: #000000;\">Per al compliment amb la Llei 10\/ 2010, de 28 d&#8217; abril <strong>s&#8217;habiliten dues possibilitats<\/strong> de presentaci\u00f3 d&#8217;aquest\u00a0 document:<\/span><\/p>\n<h5 style=\"text-align: justify;\"><span style=\"font-size: 12pt; color: #008000;\"><strong>Formulari en els comptes anuals:<\/strong><\/span><\/h5>\n<p style=\"padding-left: 40px; text-align: justify;\"><strong><span style=\"font-size: 12pt;\">Aquesta fulla ha de\u00a0 presentar_se tots els exercicis encara que no hi haja hagut cap canvi en la TR.\u00a0<\/span><\/strong><\/p>\n<p style=\"padding-left: 40px; text-align: justify;\"><span style=\"font-size: 12pt;\">En aquest formulari t\u00e9 <strong>dues opcions inicials<\/strong> que s\u00f3n les que marquen les diferents possibilitats que hi ha d&#8217;emplenar la TR<strong> cada any.<\/strong><\/span><\/p>\n<p style=\"text-align: justify;\"><img loading=\"lazy\" decoding=\"async\" class=\"aligncenter wp-image-8261 size-full\" src=\"https:\/\/rmvalencia.com\/wp-content\/uploads\/2019\/09\/TR.png\" alt=\"\" width=\"1124\" height=\"148\" srcset=\"https:\/\/rmvalencia.com\/wp-content\/uploads\/2019\/09\/TR.png 1124w, https:\/\/rmvalencia.com\/wp-content\/uploads\/2019\/09\/TR-300x40.png 300w, https:\/\/rmvalencia.com\/wp-content\/uploads\/2019\/09\/TR-768x101.png 768w, https:\/\/rmvalencia.com\/wp-content\/uploads\/2019\/09\/TR-1024x135.png 1024w, https:\/\/rmvalencia.com\/wp-content\/uploads\/2019\/09\/TR-380x50.png 380w, https:\/\/rmvalencia.com\/wp-content\/uploads\/2019\/09\/TR-650x86.png 650w, https:\/\/rmvalencia.com\/wp-content\/uploads\/2019\/09\/TR-1000x132.png 1000w, https:\/\/rmvalencia.com\/wp-content\/uploads\/2019\/09\/TR-50x7.png 50w\" sizes=\"auto, (max-width: 1124px) 100vw, 1124px\" \/><\/p>\n<p style=\"padding-left: 40px; text-align: justify;\"><strong><span style=\"font-size: 12pt; color: #000000;\">EL primer punt \u00e9s con\u00e9ixer si la societat est\u00e0 obligada o no a presentar la TR.<\/span><\/strong><\/p>\n<ul style=\"text-align: justify;\">\n<li style=\"list-style-type: none;\">\n<ul>\n<li style=\"list-style-type: none;\">\n<ul>\n<li style=\"list-style-type: none;\">\n<ul>\n<li><span style=\"font-size: 12pt; color: #0000ff;\">Si \u00e9s Societat cotizada es marcar\u00e0 l&#8217;opci\u00f3 \u201cNO\u201d<\/span><\/li>\n<li><span style=\"font-size: 12pt; color: #0000ff;\">Si la Societat est\u00e1 obligada sempre\u00a0 es marcar\u00e1 l&#8217;opci\u00f3 \u201cSI\u201d (les \u00faniques societats que no han de\u00a0 presentar-la s\u00f3n les no cotizades en un mercat regulat)<\/span><\/li>\n<\/ul>\n<\/li>\n<\/ul>\n<\/li>\n<\/ul>\n<\/li>\n<\/ul>\n<p style=\"padding-left: 40px; text-align: justify;\"><span style=\"color: #000000;\"><strong><span style=\"font-size: 12pt;\">El segon\u00a0 punt demana con\u00e9ixer si la societat ha realitzat canvis o \u00e9s la primera vegada que presenta la TR.<\/span><\/strong><\/span><\/p>\n<ul style=\"text-align: justify;\">\n<li style=\"list-style-type: none;\">\n<ul>\n<li style=\"list-style-type: none;\">\n<ul>\n<li style=\"list-style-type: none;\">\n<ul>\n<li style=\"text-align: justify;\"><span style=\"font-size: 12pt; color: #0000ff;\">S&#8217;haur\u00e0 de marcar sempre l&#8217;opci\u00f3 &#8220;SI&#8221; tant si \u00e9s la primera vegada com si es repeteix la de l&#8217;\u00faltima declaraci\u00f3\u00a0 \u00a0<\/span><\/li>\n<\/ul>\n<\/li>\n<\/ul>\n<\/li>\n<\/ul>\n<\/li>\n<\/ul>\n<p style=\"padding-left: 40px; text-align: justify;\"><span style=\"font-size: 12pt;\">Quan es presente aquest document s&#8217;entendr\u00e0 que la data d&#8217;actualizaci\u00f3 de la TR \u00e9s la data d&#8217; expedici\u00f3 de la certificaci\u00f3 d&#8217; aprovaci\u00f3 de comptes.\u00a0\u00a0<\/span><\/p>\n<h5 style=\"padding-left: 40px; text-align: justify;\"><span style=\"font-size: 12pt;\">M\u00e9s informaci\u00f3: <a href=\"https:\/\/rmvalencia.com\/val\/mercantil\/deposit-de-comptes\/\"><strong><span style=\"color: #000000;\">Desp\u00f2sit de Comptes<\/span><\/strong>\u00a0 \u00a0\u00a0<\/a><\/span><\/h5>\n<h5 style=\"text-align: justify;\"><span style=\"font-size: 12pt;\"><strong><span style=\"color: #008000;\">Programa IURE<\/span> <\/strong><\/span><\/h5>\n<p style=\"text-align: justify;\"><span style=\"font-size: 12pt;\">L&#8217;<a href=\"https:\/\/www.registradores.org\/documentacion-y-descargas\/manuales-y-descargas\">aplicaci\u00f3 \u00abIURE\u00bb<\/a> Permet comunicar al Registre els canvis en la titularitat real que es vagen produint amb posterioritat al dep\u00f2sit dels\u00a0 comptes anuals. La data de l&#8217;actualizaci\u00f3 de la mateixa ser\u00e0 la data de sol.licitut que sol.licita el propi programa (veure <a href=\"https:\/\/www.registradores.org\/documentacion-y-descargas\/manuales-y-descargas\">manual d&#8217;\u00fas<\/a>).<\/span><\/p>\n<p style=\"text-align: justify;\"><span style=\"font-size: 12pt;\"><strong>Consideracions<\/strong> a tindre\u00a0 en compte quan es produ\u00efsquen canvis en la TR.<\/span><\/p>\n<ul>\n<li style=\"list-style-type: none;\">\n<ul>\n<li style=\"list-style-type: none;\">\n<ul style=\"text-align: justify;\">\n<li style=\"text-align: justify;\"><span style=\"font-size: 12pt;\">Des de l&#8217;\u00faltima actualizaci\u00f3 que conste en el Registre, si es produeix una alteraci\u00f3 de les circumst\u00e0ncies \u00e9s <strong>obligaci\u00f3 dels administradors <\/strong>sabedors del cas de <strong>presentar sota la seua signatura <\/strong>un nou <strong>model de declaraci\u00f3 de titular real <\/strong>amb indicaci\u00f3 de la <strong>data de refer\u00e8ncia en qu\u00e8 s&#8217; ha produ\u00eft el canvi. <\/strong><\/span><\/li>\n<li style=\"text-align: justify;\"><span style=\"font-size: 12pt;\">\u00c9s <strong>responsabilitat<\/strong> dels <strong>administradors rectificar les dades registrals desactualizados<\/strong> quan com a conseq\u00fc\u00e8ncia d&#8217;un <strong>augment o reducci\u00f3 de capital<\/strong>, <strong>modificaci\u00f3 estructural de la societat (fusions, escissions, transformacions etc.) o qualsevol altre acord social es produ\u00cfra una alteraci\u00f3 de la situaci\u00f3 registrada sobre el titular real.<\/strong><\/span><\/li>\n<li style=\"text-align: justify;\"><span style=\"font-size: 12pt;\">Les <strong>persones f\u00edsique <\/strong>que <strong>deixaren de ser titulars reals <\/strong>podr\u00e1n requerir als <strong>administradors perqu\u00e8 rectifiquen o actualitzen les dades registrals <\/strong>en la forma abans establida mitjan\u00e7ant nova declaraci\u00f3 amb\u00a0 indicaci\u00f3 de la data de refer\u00e8ncia.<\/span><\/li>\n<\/ul>\n<\/li>\n<\/ul>\n<\/li>\n<\/ul>\n<\/div><div id=\"fragment-2-1394762419\" class=\"clearfix be-tab-content\">\n<p style=\"text-align: justify;\"><strong><span style=\"font-size: 12pt; color: #af1e2d;\">Si ja tinc declarada la titularitat real, i la mateixa no s&#8217;ha modificat he de tornar a declarar-la en les CCAA de cada exercici.<\/span><\/strong><\/p>\n<p style=\"text-align: justify;\"><span style=\"font-size: 12pt;\">No, per\u00f2 s&#8217;ha \u00a0d&#8217;indicar en el model dels comptes anuals a depositar que no hi ha hagut canvis.<\/span><\/p>\n<p style=\"text-align: justify;\"><span style=\"color: #af1e2d;\"><strong><span style=\"font-size: 12pt;\">Si no he declarat mai la titularitat real en quin moment he de fer-ho?<\/span><\/strong><\/span><\/p>\n<p style=\"text-align: justify;\"><span style=\"font-size: 12pt;\">En els primers comptes anuals que deposite o b\u00e9 abans de la data del dep\u00f2sit usant l&#8217;aplicaci\u00f3 *IURE.<\/span><\/p>\n<p style=\"text-align: justify;\"><span style=\"color: #af1e2d;\"><strong><span style=\"font-size: 12pt;\">Acabe de depositar els comptes anuals i s&#8217;ha modificat la titularitat real tinc obligaci\u00f3 de declarar-ho?<\/span><\/strong><\/span><\/p>\n<p style=\"text-align: justify;\"><span style=\"font-size: 12pt;\">S\u00ed, t\u00e9 obligaci\u00f3 i pot fer-ho utilitzant per a aix\u00f2 el programa *IURE. Ha de tindre en compte que aquesta declaraci\u00f3 \u00e9s totalment gratu\u00efta.<\/span><\/p>\n<p style=\"text-align: justify;\"><strong><span style=\"font-size: 12pt; color: #af1e2d;\">He presentat la titularitat real i he tornat a repetir el mateix de l&#8217;any passat ?<\/span><\/strong><\/p>\n<p style=\"text-align: justify;\"><span style=\"font-size: 12pt;\">Aquesta declaraci\u00f3 tindria defecte per no actualitzar cap dada dels ja existents.<\/span><\/p>\n<\/div><\/div>\n<\/div><\/div><div class = \"tatsu-column-bg-image-wrap\"><div class = \"tatsu-column-bg-image\" ><\/div><\/div><\/div><style>.tatsu-row > .tatsu-ByANtVcSS.tatsu-column{width: 100%;}.tatsu-ByANtVcSS.tatsu-column > .tatsu-column-inner > .tatsu-column-overlay{mix-blend-mode: none;}.tatsu-ByANtVcSS > .tatsu-column-inner > .tatsu-top-divider{z-index: 9999;}.tatsu-ByANtVcSS > .tatsu-column-inner > .tatsu-bottom-divider{z-index: 9999;}.tatsu-ByANtVcSS > .tatsu-column-inner > .tatsu-left-divider{z-index: 9999;}.tatsu-ByANtVcSS > .tatsu-column-inner > .tatsu-right-divider{z-index: 9999;}@media only screen and (max-width:1377px) {.tatsu-row > .tatsu-ByANtVcSS.tatsu-column{width: 100%;}}@media only screen and (min-width:768px) and (max-width: 1024px) {.tatsu-row > .tatsu-ByANtVcSS.tatsu-column{width: 100%;}}@media only screen and (max-width: 767px) {.tatsu-row > .tatsu-ByANtVcSS.tatsu-column{width: 100%;}}<\/style><\/div><\/div><\/div><\/div><div class=\"tatsu-section-background-wrap\"><div class = \"tatsu-section-background\" ><\/div><\/div><style>.tatsu-BJbRNY49SS .tatsu-section-pad{padding: 10px 0px 10px 0px;}.tatsu-BJbRNY49SS > .tatsu-bottom-divider{z-index: 9999;}.tatsu-BJbRNY49SS > .tatsu-top-divider{z-index: 9999;}<\/style><\/div>\n","protected":false},"excerpt":{"rendered":"<p><a href=\"https:\/\/rmvalencia.com\/val\/regtitularreal\/\" class=\"more-link style3-button\">Read More<\/a><\/p>","protected":false},"author":8,"featured_media":0,"parent":0,"menu_order":0,"comment_status":"closed","ping_status":"closed","template":"page-with-title.php","meta":{"footnotes":""},"class_list":["post-8269","page","type-page","status-publish","hentry"],"_links":{"self":[{"href":"https:\/\/rmvalencia.com\/val\/wp-json\/wp\/v2\/pages\/8269","targetHints":{"allow":["GET"]}}],"collection":[{"href":"https:\/\/rmvalencia.com\/val\/wp-json\/wp\/v2\/pages"}],"about":[{"href":"https:\/\/rmvalencia.com\/val\/wp-json\/wp\/v2\/types\/page"}],"author":[{"embeddable":true,"href":"https:\/\/rmvalencia.com\/val\/wp-json\/wp\/v2\/users\/8"}],"replies":[{"embeddable":true,"href":"https:\/\/rmvalencia.com\/val\/wp-json\/wp\/v2\/comments?post=8269"}],"version-history":[{"count":0,"href":"https:\/\/rmvalencia.com\/val\/wp-json\/wp\/v2\/pages\/8269\/revisions"}],"wp:attachment":[{"href":"https:\/\/rmvalencia.com\/val\/wp-json\/wp\/v2\/media?parent=8269"}],"curies":[{"name":"wp","href":"https:\/\/api.w.org\/{rel}","templated":true}]}}