{"id":6364,"date":"2018-06-27T10:24:14","date_gmt":"2018-06-27T10:24:14","guid":{"rendered":"http:\/\/rmvalencia.com\/?page_id=6364"},"modified":"2019-03-28T08:48:11","modified_gmt":"2019-03-28T07:48:11","slug":"signatura-scregistradors","status":"publish","type":"page","link":"https:\/\/rmvalencia.com\/val\/signatura-electronica\/signatura-scregistradors\/","title":{"rendered":"Signatura SCRegistradors"},"content":{"rendered":"<div  class=\"tatsu-SyZkAtrVyX tatsu-section    tatsu-clearfix\" data-title=\"\"  data-headerscheme=\"background--dark\"><div class='tatsu-section-pad clearfix' data-padding='{\"d\":\"10px 0px 10px 0px \"}' data-padding-top='10px'><div class=\"tatsu-row-wrap  tatsu-wrap tatsu-row-one-col tatsu-row-has-one-cols tatsu-medium-gutter tatsu-reg-cols  tatsu-clearfix tatsu-Sye1CYS4JX\" ><div  class=\"tatsu-row \" ><div  class=\"tatsu-column  tatsu-column-no-bg tatsu-one-col tatsu-column-image-none tatsu-column-effect-none  tatsu-SJy0YSNkQ\" data-animation=\"fadeIn\"   data-parallax-speed=\"0\" style=\"\"><div class=\"tatsu-column-inner \" ><div class=\"tatsu-column-pad-wrap\"><div class=\"tatsu-column-pad\" ><div  class=\"component component-fullwidth loaded fxSoftScale  tatsu-H1zyJ9r4Jm   \"  data-height=\"360\" data-mobile-height=\"360\" data-current=\"0\" style=\"height: 360px;\"><ul class=\"itemwrap\"><li><div class=\"be-slide-bg-holder\">\n\t\t\t\t\t\t\t\t<div class=\"be-slide-bg be-bg-cover be-bg-parallax \" data-image=\"http:\/\/rmvalencia.com\/wp-content\/uploads\/2018\/05\/Firma.png\"><i class=\"font-icon loader-style4-wrap loader-icon\"><\/i><\/div>\n\t\t\t\t\t\t\t\t<div class=\"be-wrap\">\n\t\t\t\t\t\t\t\t\t<div class=\"be-slider-content-wrap\">\n\t\t\t\t\t\t\t\t\t\t<div class=\"be-slider-content clearfix\">\n\t\t\t\t\t\t\t\t\t\t\t<div class=\"be-slider-content-inner-wrap\" style=\"width: 91%;\"><div class=\"be-animate fadeIn animated be-slider-content-inner\">\n<h5 style=\"text-align: left;\"><span style=\"color: #999999;\"><strong><span style=\"font-size: 14pt;\">SIGNATURA ELECTR\u00d2NICA <\/span><\/strong><\/span><\/h5>\n<h5 style=\"text-align: left;\"><span style=\"color: #999999;\"><strong><span style=\"font-size: 14pt;\">\u00a0 \u00a0 \u00a0 \u00a0 \u00a0 \u00a0 SCR<\/span><\/strong><\/span><\/h5>\n<\/div><\/div>\n\t\t\t\t\t\t\t\t\t\t<\/div>\n\t\t\t\t\t\t\t\t\t<\/div>\n\t\t\t\t\t\t\t\t<\/div>\n\t\t\t\t\t\t\t<\/div><\/li><\/ul><nav class=\"component-nav\"><a class=\"prev be-slider-prev\" href=\"#\"><i class=\"font-icon icon-arrow_carrot-left\"><\/i><\/a><a class=\"next be-slider-next\" href=\"#\"><i class=\"font-icon icon-arrow_carrot-right\"><\/i><\/a><\/nav><\/div><\/div><\/div><div class = \"tatsu-column-bg-image-wrap\"><div class = \"tatsu-column-bg-image\" ><\/div><\/div><\/div><style>.tatsu-row > .tatsu-SJy0YSNkQ.tatsu-column{width: 100%;}.tatsu-SJy0YSNkQ.tatsu-column > .tatsu-column-inner > .tatsu-column-overlay{mix-blend-mode: none;}.tatsu-SJy0YSNkQ > .tatsu-column-inner > .tatsu-top-divider{z-index: 9999;}.tatsu-SJy0YSNkQ > .tatsu-column-inner > .tatsu-bottom-divider{z-index: 9999;}.tatsu-SJy0YSNkQ > .tatsu-column-inner > .tatsu-left-divider{z-index: 9999;}.tatsu-SJy0YSNkQ > .tatsu-column-inner > .tatsu-right-divider{z-index: 9999;}.tatsu-SJy0YSNkQ.tatsu-column{transform: translate3d(0px,0px, 0);}<\/style><\/div><\/div><\/div><\/div><div class=\"tatsu-section-background-wrap\"><div class = \"tatsu-section-background\" ><\/div><\/div><style>.tatsu-SyZkAtrVyX.tatsu-section{background-color: rgba(255,247,247,1);}.tatsu-SyZkAtrVyX .tatsu-section-pad{padding: 10px 0px 10px 0px ;}.tatsu-SyZkAtrVyX > .tatsu-bottom-divider{z-index: 9999;}.tatsu-SyZkAtrVyX > .tatsu-top-divider{z-index: 9999;}<\/style><\/div><div  class=\"tatsu-ryb6CqB417 tatsu-section    tatsu-clearfix\" data-title=\"\"  data-headerscheme=\"background--dark\"><div class='tatsu-section-pad clearfix' data-padding='{\"d\":\"0px 0px 0px 0px \"}' data-padding-top='0px'><div class=\"tatsu-row-wrap  tatsu-wrap tatsu-row-one-col tatsu-row-has-one-cols tatsu-medium-gutter tatsu-reg-cols  tatsu-clearfix tatsu-r1ea05BNym\" ><div  class=\"tatsu-row \" ><div  class=\"tatsu-column  tatsu-column-no-bg tatsu-one-col tatsu-column-image-none tatsu-column-effect-none  tatsu-BJTCqHEyQ\" data-animation=\"fadeIn\"   data-parallax-speed=\"0\" style=\"\"><div class=\"tatsu-column-inner \" ><div class=\"tatsu-column-pad-wrap\"><div class=\"tatsu-column-pad\" ><div  class=\"tatsu-module tatsu-divider-wrap tatsu-animate tatsu-ByJiiBEkX   \"  ><style>.tatsu-ByJiiBEkX .tatsu-divider{height: 10px;width: 100%;background: rgba(175,30,45,1);}.tatsu-ByJiiBEkX.tatsu-divider-wrap{text-align: left;}<\/style><hr class=\"tatsu-divider\"\/><\/div><div  class=\"tatsu-module tatsu-text-block-wrap tatsu-rJYKNK5kX  \"><div class=\"tatsu-text-inner tatsu-align-center  clearfix\" data-animation=\"fadeIn\"  ><style>.tatsu-rJYKNK5kX.tatsu-text-block-wrap .tatsu-text-inner{width: 100%;text-align: left;}<\/style>\n<p style=\"text-align: justify;\" align=\"justify\"><strong><span style=\"color: #af2d1e; font-size: 12pt;\"><span style=\"font-size: 14pt;\">Condiciones Obtenci\u00f3 \/Renovaci\u00f3 de Signatura SCR Professional\u00a0<\/span><\/span><\/strong><\/p>\n<p style=\"text-align: justify;\" align=\"justify\"><strong><span style=\"font-size: 12pt;\">\u00c9s condici\u00f3 indispensable per a l&#8217;obtenci\u00f3\/renovaci\u00f3 dels certificats de professional el seg\u00fcent:<\/span><\/strong><\/p>\n<ul style=\"text-align: justify;\">\n<li><span style=\"font-size: 12pt;\">Que <strong>se sol\u00b7licite una cita <\/strong>per a l&#8217;obtenci\u00f3\/renovaci\u00f3 del certificat.<\/span><\/li>\n<li><span style=\"font-size: 12pt;\"><a href=\"https:\/\/pki.registradores.org\/agenda\/homeUsuario.seam\" target=\"_blank\" rel=\"noopener noreferrer\">Agenda petici\u00f3 de CITA SCR <\/a>.<\/span><\/li>\n<li><span style=\"font-size: 12pt;\">Que el titular d&#8217;aquesta acudisca a les oficines del registre degudament <strong>identificat amb el DNI\/NIE o equivalent vigent.<\/strong><br \/><\/span><\/li>\n<li><span style=\"color: #000000; font-size: 12pt;\">Que aportaci\u00f3 un certificat original que acredite la seua condici\u00f3 de professional em\u00e9s pel col\u00b7legi professional corresponent. Dita certificada deur\u00e0 haver sigut expedit durant els 15 dies naturals anteriors a la data sol\u00b7licitada per a la renovaci\u00f3 del certificat.<br \/><\/span><\/li>\n<li><span style=\"font-size: 12pt;\">El dia de la cita en cas de renovaci\u00f3 haur\u00e0 <strong>d&#8217;aportar el dispositiu ETOKEN ALLADIN (clauer USB).<\/strong><\/span><\/li>\n<\/ul>\n<p style=\"text-align: justify;\" align=\"justify\"><span style=\"font-size: 12pt;\">Cas de no complir algun dels requisits anteriors no podr\u00e0 emetre&#8217;s el certificat<\/span><\/p>\n<p style=\"text-align: justify;\"><span style=\"color: #af2d1e;\"><strong><span style=\"font-size: 14pt;\">Condiciones Obtenci\u00f3 \/ Renovaci\u00f3 de Signatura Personal o Representa&#8217;t<\/span><\/strong><\/span><\/p>\n<p style=\"text-align: justify;\"><strong><span style=\"font-size: 12pt;\">\u00c9s condici\u00f3 indispensable per a l&#8217;obtenci\u00f3\/renovaci\u00f3 dels certificats de tipus personal o de representant de societat el seg\u00fcent:<\/span><\/strong><\/p>\n<ul style=\"text-align: justify;\">\n<li><span style=\"font-size: 12pt;\">En cas de certificat de representant,\u00a0<strong>la societat ha d&#8217;estar inscrita en el Registre Mercantil de Val\u00e8ncia.<\/strong><\/span><\/li>\n<li><span style=\"font-size: 12pt;\">Que <strong>se sol\u00b7licite una cita<\/strong> per a l&#8217;obtenci\u00f3\/renovaci\u00f3 del certificat.<\/span><\/li>\n<li><span style=\"font-size: 12pt;\"><a href=\"https:\/\/pki.registradores.org\/agenda\/homeUsuario.seam\" target=\"_blank\" rel=\"noopener noreferrer\">Agenda petici\u00f3 de CITA SCR.<\/a><\/span><\/li>\n<li><span style=\"font-size: 12pt;\">Que el titular d&#8217;aquesta acudisca a les oficines del registre <strong>degudament identificat amb el DNI\/NIE o equivalent vigent.<\/strong><\/span><\/li>\n<li><span style=\"font-size: 12pt;\">El dia de la cita en cas de renovaci\u00f3 haur\u00e0 <strong>d&#8217;aportar el dispositiu ETOKEN ALLADIN (clauer USB).<\/strong><\/span><\/li>\n<\/ul>\n<p style=\"text-align: justify;\" align=\"justify\"><span style=\"font-size: 12pt;\">Cas de no complir algun dels requisits anteriors no podr\u00e0 emetre&#8217;s el certificat.<\/span><\/p>\n<p style=\"text-align: justify;\" align=\"justify\"><span style=\"font-size: 12pt;\"><strong><span style=\"color: #af2d00;\">Enlla<\/span><\/strong><strong><span style=\"color: #af2d1e;\">\u00e7o<\/span><\/strong><strong><span style=\"color: #af2d00;\">s:<\/span><\/strong><\/span><\/p>\n<ul>\n<li><span style=\"font-size: 12pt;\"><a href=\"http:\/\/www.registradores.org\/firma-electronica\/\" target=\"_blank\" rel=\"noopener noreferrer\">Informaci\u00f2 signatura SCR<\/a>.<\/span><\/li>\n<li><span style=\"font-size: 12pt;\"><a href=\"https:\/\/pki.registradores.org\/agenda\/homeUsuario.seam\" target=\"_blank\" rel=\"noopener noreferrer\">Agenda petici\u00f3 de CITA SCR<\/a>.<\/span><\/li>\n<\/ul>\n<\/div><\/div><div  class=\"tatsu-module tatsu-text-block-wrap tatsu-BkU0mt9yX  \"><div class=\"tatsu-text-inner tatsu-align-center  clearfix\" data-animation=\"fadeIn\"  ><style>.tatsu-BkU0mt9yX.tatsu-text-block-wrap .tatsu-text-inner{width: 100%;text-align: left;}<\/style><\/div><\/div><\/div><\/div><div class = \"tatsu-column-bg-image-wrap\"><div class = \"tatsu-column-bg-image\" ><\/div><\/div><\/div><style>.tatsu-row > .tatsu-BJTCqHEyQ.tatsu-column{width: 100%;}.tatsu-BJTCqHEyQ.tatsu-column > .tatsu-column-inner > .tatsu-column-overlay{mix-blend-mode: none;}.tatsu-BJTCqHEyQ > .tatsu-column-inner > .tatsu-top-divider{z-index: 9999;}.tatsu-BJTCqHEyQ > .tatsu-column-inner > .tatsu-bottom-divider{z-index: 9999;}.tatsu-BJTCqHEyQ > .tatsu-column-inner > .tatsu-left-divider{z-index: 9999;}.tatsu-BJTCqHEyQ > .tatsu-column-inner > .tatsu-right-divider{z-index: 9999;}.tatsu-BJTCqHEyQ.tatsu-column{transform: translate3d(0px,0px, 0);}<\/style><\/div><\/div><\/div><\/div><div class=\"tatsu-section-background-wrap\"><div class = \"tatsu-section-background\" ><\/div><\/div><style>.tatsu-ryb6CqB417.tatsu-section{background-color: rgba(255,247,247,1);}.tatsu-ryb6CqB417 > .tatsu-bottom-divider{z-index: 9999;}.tatsu-ryb6CqB417 > .tatsu-top-divider{z-index: 9999;}<\/style><\/div>\n","protected":false},"excerpt":{"rendered":"<p><a href=\"https:\/\/rmvalencia.com\/val\/signatura-electronica\/signatura-scregistradors\/\" class=\"more-link style3-button\">Read More<\/a><\/p>","protected":false},"author":8,"featured_media":0,"parent":6360,"menu_order":0,"comment_status":"closed","ping_status":"closed","template":"page-with-title.php","meta":{"footnotes":""},"class_list":["post-6364","page","type-page","status-publish","hentry"],"_links":{"self":[{"href":"https:\/\/rmvalencia.com\/val\/wp-json\/wp\/v2\/pages\/6364","targetHints":{"allow":["GET"]}}],"collection":[{"href":"https:\/\/rmvalencia.com\/val\/wp-json\/wp\/v2\/pages"}],"about":[{"href":"https:\/\/rmvalencia.com\/val\/wp-json\/wp\/v2\/types\/page"}],"author":[{"embeddable":true,"href":"https:\/\/rmvalencia.com\/val\/wp-json\/wp\/v2\/users\/8"}],"replies":[{"embeddable":true,"href":"https:\/\/rmvalencia.com\/val\/wp-json\/wp\/v2\/comments?post=6364"}],"version-history":[{"count":0,"href":"https:\/\/rmvalencia.com\/val\/wp-json\/wp\/v2\/pages\/6364\/revisions"}],"up":[{"embeddable":true,"href":"https:\/\/rmvalencia.com\/val\/wp-json\/wp\/v2\/pages\/6360"}],"wp:attachment":[{"href":"https:\/\/rmvalencia.com\/val\/wp-json\/wp\/v2\/media?parent=6364"}],"curies":[{"name":"wp","href":"https:\/\/api.w.org\/{rel}","templated":true}]}}