{"id":6350,"date":"2018-06-27T10:20:18","date_gmt":"2018-06-27T10:20:18","guid":{"rendered":"http:\/\/rmvalencia.com\/?page_id=6350"},"modified":"2018-06-27T10:20:18","modified_gmt":"2018-06-27T10:20:18","slug":"politica-de-cookies","status":"publish","type":"page","link":"https:\/\/rmvalencia.com\/val\/politica-de-cookies\/","title":{"rendered":"Pol\u00edtica de Cookies"},"content":{"rendered":"<div  class=\"tatsu-S1W5HuEHgm tatsu-section    tatsu-clearfix\" data-title=\"\"  data-headerscheme=\"background--dark\"><div class='tatsu-section-pad clearfix' data-padding='{\"d\":\"90px 0px 90px 0px\"}' data-padding-top='90px'><div class=\"tatsu-row-wrap  tatsu-wrap tatsu-row-one-col tatsu-row-has-one-cols tatsu-medium-gutter tatsu-reg-cols  tatsu-clearfix tatsu-ryxcB_Vrl7\" ><div  class=\"tatsu-row \" ><div  class=\"tatsu-column  tatsu-column-no-bg tatsu-one-col tatsu-column-image- tatsu-column-effect-  tatsu-BycBuEHlQ\" data-animation=\"fadeIn\"   data-parallax-speed=\"0\" style=\"\"><div class=\"tatsu-column-inner \" ><div class=\"tatsu-column-pad-wrap\"><div class=\"tatsu-column-pad\" ><div  class=\"tatsu-module tatsu-text-block-wrap tatsu-rJ1I_ErgQ  \"><div class=\"tatsu-text-inner tatsu-align-center  clearfix\" data-animation=\"fadeIn\"  ><style>.tatsu-rJ1I_ErgQ.tatsu-text-block-wrap .tatsu-text-inner{width: 100%;}<\/style>\n<p><span style=\"font-size: 14pt;\"><strong><span style=\"color: #af2d1e;\">Pol\u00edtica de Cookies\u00a0<\/span><\/strong><\/span><\/p>\n<p style=\"text-align: justify;\"><span style=\"font-size: 12pt;\">Una cookie \u00e9s un arxiu de text que s&#8217;emmagatzema en l&#8217;ordinador o dispositiu m\u00f2bil mitjan\u00e7ant un servidor Web i tan sols aqueix servidor ser\u00e0 capa\u00e7 de recuperar o llegir el contingut de la cookie i permeten al Lloc web recordar prefer\u00e8ncies de navegaci\u00f3 i navegar de manera eficient. Les cookies fan la interacci\u00f3 entre l&#8217;usuari i el lloc web m\u00e9s r\u00e0pida i f\u00e0cil.<\/span><\/p>\n<p style=\"text-align: justify;\"><span style=\"font-size: 12pt; color: #af2d1e;\">Informaci\u00f3 General\u00a0<\/span><\/p>\n<p style=\"text-align: justify;\"><span style=\"font-size: 12pt;\">Est\u00e0 p\u00e0gina Web utilitza cookies. Les cookies s\u00f3n xicotets arxius de text generats per les p\u00e0gines web que vost\u00e9 visita, les quals contenen les dades de sessi\u00f3 que poden ser d&#8217;utilitat m\u00e9s endavant en la p\u00e0gina web. D&#8217;aquesta forma aquesta Web recorda informaci\u00f3 sobre la seua visita, la qual cosa pot facilitar la seua pr\u00f2xima visita i fer que el lloc web li resulte m\u00e9s \u00fatil.<\/span><\/p>\n<p style=\"text-align: justify;\"><span style=\"font-size: 12pt; color: #af2d1e;\">Com funcionen les Cookies?<\/span><\/p>\n<p style=\"text-align: justify;\"><span style=\"font-size: 12pt;\">Les cookies nom\u00e9s poden emmagatzemar text, en general sempre \u00e9s an\u00f2nim i xifrat. No s&#8217;emmagatzemaran informaci\u00f3 personal alguna en una cookie, ni poden associar-se a persona identificada o identificable.<\/span><\/p>\n<p style=\"text-align: justify;\"><span style=\"font-size: 12pt;\">Les dades permeten que aquesta Web puga mantindre la seua informaci\u00f3 entre les p\u00e0gines, i tamb\u00e9 per a analitzar la forma d&#8217;interactuar amb el lloc web. Les cookies s\u00f3n segures ja que nom\u00e9s poden emmagatzemar la informaci\u00f3 que es va posar en el seu lloc pel navegador, la qual cosa \u00e9s informaci\u00f3 que l&#8217;usuari ha introdu\u00eft en el navegador o la que s&#8217;inclou en la sol\u00b7licitud de p\u00e0gina. No pot executar el codi i no es pot utilitzar per a accedir al seu ordinador. Si una p\u00e0gina web xifra la informaci\u00f3 de la cookie, nom\u00e9s la p\u00e0gina web pot llegir la informaci\u00f3.<\/span><\/p>\n<p style=\"text-align: justify;\"><span style=\"color: #af2d1e; font-size: 12pt;\">Quins tipus de cookies utilitzem?<\/span><\/p>\n<p style=\"text-align: justify;\"><span style=\"font-size: 12pt;\">Les cookies que utilitza aquesta p\u00e0gina Web es poden distingir segons els seg\u00fcents criteris.<\/span><\/p>\n<p style=\"text-align: justify;\"><span style=\"font-size: 12pt;\">Tipus de cookies segons l&#8217;entitat que les gestiona :<\/span><\/p>\n<p style=\"text-align: justify;\"><span style=\"font-size: 12pt;\">Segons qui siga l&#8217;entitat que gestione l&#8217;equip o domini des d&#8217;on s&#8217;envien les cookies i tracte les dades que s&#8217;obtinguen, podem distingir:<\/span><\/p>\n<ul style=\"text-align: justify;\">\n<li><span style=\"font-size: 12pt;\"><strong>Cookies pr\u00f2pies :<\/strong> S\u00f3n aquelles que s&#8217;envien a l&#8217;equip terminal de l&#8217;usuari des d&#8217;un equip o domini gestionat pel propi editor i des del qual es presta el servei sol\u00b7licitat per l&#8217;usuari.<\/span><\/li>\n<li><span style=\"font-size: 12pt;\"><strong>Cookies de tercers :<\/strong> S\u00f3n aquelles que s&#8217;envien a l&#8217;equip terminal de l&#8217;usuari des d&#8217;un equip o domini que no \u00e9s gestionat per l&#8217;editor, sin\u00f3 per una altra entitat que tracta les dades obtingudes trav\u00e9s de les cookies.<\/span><\/li>\n<\/ul>\n<p style=\"text-align: justify;\"><span style=\"font-size: 12pt;\">En el cas que les cookies siguen instal\u00b7lades des d&#8217;un equip o domini gestionat pel propi editor per\u00f2 la informaci\u00f3 que es reculla mitjan\u00e7ant aquestes siga gestionada per un tercer, no poden ser considerades com cookies pr\u00f2pies.<br \/>\n<\/span><\/p>\n<p style=\"text-align: justify;\"><span style=\"font-size: 12pt;\">Tipus de cookies segons el termini de temps que romanen activades:<\/span><\/p>\n<p style=\"text-align: justify;\"><span style=\"font-size: 12pt;\">Segons el termini de temps que romanen activades en l&#8217;equip terminal podem distingir:<br \/>\n<\/span><\/p>\n<ul style=\"text-align: justify;\">\n<li><span style=\"font-size: 12pt;\"><strong>Cookies de sessi\u00f3 :<\/strong> S\u00f3n un tipus de cookies dissenyades per a recaptar i emmagatzemar dades mentre l&#8217;usuari accedeix a una p\u00e0gina web. Se solen emprar per a emmagatzemar informaci\u00f3 que nom\u00e9s interessa conservar per a la prestaci\u00f3 del servei sol\u00b7licitat per l&#8217;usuari en una sola ocasi\u00f3 (p.e. una llista de productes adquirits).<\/span><\/li>\n<li><span style=\"font-size: 12pt;\"><strong>Cookies persistents:<\/strong> S\u00f3n un tipus de cookies en el qual les dades segueixen emmagatzemats en el terminal i poden ser accedits i tractats durant un per\u00edode definit pel responsable de la cookie, i que pot anar d&#8217;uns minuts a diversos anys.<\/span><\/li>\n<\/ul>\n<p style=\"text-align: justify;\"><strong><span style=\"font-size: 12pt;\">Tipus de cookies segons la seua finalitat:<\/span><\/strong><\/p>\n<p style=\"text-align: justify;\"><span style=\"font-size: 12pt;\">Segons la finalitat per a la qual es tracten les dades obtingudes a trav\u00e9s de les cookies, podem distingir entre:<\/span><\/p>\n<ul style=\"text-align: justify;\">\n<li><span style=\"font-size: 12pt;\"><strong>Cookies t\u00e8cniques :<\/strong> S\u00f3n aquelles que permeten a l&#8217;usuari la navegaci\u00f3 a trav\u00e9s d&#8217;una p\u00e0gina web, plataforma o aplicaci\u00f3 i la utilitzaci\u00f3 de les diferents opcions o serveis que en ella existisquen com, per exemple, controlar el tr\u00e0nsit i la comunicaci\u00f3 de dades, identificar la sessi\u00f3, accedir a parts d&#8217;acc\u00e9s restringit, recordar els elements que integren una comanda, realitzar el proc\u00e9s de compra d&#8217;una comanda, realitzar la sol\u00b7licitud d&#8217;inscripci\u00f3 o participaci\u00f3 en un esdeveniment, utilitzar elements de seguretat durant la navegaci\u00f3, emmagatzemar continguts per a la difusi\u00f3 de v\u00eddeos o so o compartir continguts a trav\u00e9s de xarxes socials.<\/span><\/li>\n<li><span style=\"font-size: 12pt;\"><strong>Cookies de personalitzaci\u00f3: <\/strong>S\u00f3n aquelles que permeten a l&#8217;usuari accedir al servei amb algunes caracter\u00edstiques de car\u00e0cter general predefinides en funci\u00f3 d&#8217;una s\u00e8rie de criteris en el terminal de l&#8217;usuari com per exemple serien l&#8217;idioma, el tipus de navegador a trav\u00e9s del qual accedeix al servei, la configuraci\u00f3 regional des d&#8217;on accedeix al servei, etc.<strong><br \/>\n<\/strong><br \/>\n<\/span><\/li>\n<li><span style=\"font-size: 12pt;\"><strong>Cookies d&#8217;an\u00e0lisi: de an\u00e1lisis:<\/strong>\u00a0S\u00f3n aquelles que permeten al responsable d&#8217;aquestes, el seguiment i an\u00e0lisi del comportament dels usuaris dels llocs web als quals estan vinculades. La informaci\u00f3 recollida mitjan\u00e7ant aquest tipus de cookies s&#8217;utilitza en el mesurament de l&#8217;activitat dels llocs web, aplicaci\u00f3 o plataforma i per a l&#8217;elaboraci\u00f3 de perfils de navegaci\u00f3 dels usuaris d&#8217;aquests llocs, aplicacions i plataformes, amb la finalitat d&#8217;introduir millores en funci\u00f3 de l&#8217;an\u00e0lisi de les dades d&#8217;\u00fas que fan els usuaris del servei.<\/span><\/li>\n<\/ul>\n<p style=\"text-align: justify;\"><span style=\"font-size: 12pt; color: #af2d1e;\">Eina de Gesti\u00f3 de Cookies<\/span><\/p>\n<p style=\"text-align: justify;\"><strong><span style=\"font-size: 12pt;\">Est\u00e0 p\u00e0gina Web utilitza Google Analytics.<\/span><\/strong><\/p>\n<p style=\"text-align: justify;\"><span style=\"font-size: 12pt;\"><strong>Google Analytics<\/strong> \u00e9s una eina gratu\u00efta d&#8217;an\u00e0lisi web de Google que principalment permet que els propietaris de llocs web coneguen com interactuen els usuaris amb el seu lloc web. Aix\u00ed mateix, habilita cookies en el domini del lloc en el qual et trobes i utilitza un conjunt de cookies denominades &#8220;__utma&#8221; i &#8220;__utmz&#8221; per a recopilar informaci\u00f3 de forma an\u00f2nima i elaborar informes de tend\u00e8ncies de llocs web sense identificar a usuaris individuals.<\/span><\/p>\n<p style=\"text-align: justify;\"><span style=\"font-size: 12pt;\">Per a realitzar les estad\u00edstiques d&#8217;\u00fas d&#8217;aquesta Web utilitzem les cookies amb la finalitat de con\u00e9ixer el nivell de recurr\u00e8ncia dels nostres visitants i els continguts que resulten m\u00e9s interessants. D&#8217;aquesta manera podem concentrar els nostres esfor\u00e7os a millorar les \u00e0rees m\u00e9s visitades i fer que l&#8217;usuari trobe m\u00e9s f\u00e0cilment el que cerca. En aquesta Web pot utilitzar-se la informaci\u00f3 de la seua visita per a realitzar avaluacions i c\u00e0lculs estad\u00edstics sobre dades an\u00f2nimes, aix\u00ed com per a garantir la continu\u00eftat del servei o per a realitzar millores en els seus llocs web. Per a m\u00e9s detalls, consulte en el seg\u00fcent enllace la pol\u00edtica de privacitat <a href=\"http:\/\/www.google.com\/intl\/es\/policies\/privacy\/\">[http:\/\/www.google.com\/intl\/es\/policies\/privacy\/]<\/a><\/span><\/p>\n<p style=\"text-align: justify;\"><span style=\"font-size: 12pt;\">Com gestionar les Cookies en el seu equip: la desactivaci\u00f3 i eliminaci\u00f3 de les cookies.<\/span><\/p>\n<p style=\"text-align: justify;\"><span style=\"font-size: 12pt;\">Tots els navegadors d&#8217;Internet li permeten limitar el comportament d&#8217;una cookie o desactivar les cookies dins de la configuraci\u00f3 o les opcions del navegador. Els passos per a fer-ho s\u00f3n diferents per a cada navegador, es poden trobar instruccions en el men\u00fa d&#8217;ajuda del seu navegador.<\/span><\/p>\n<p style=\"text-align: justify;\"><span style=\"font-size: 12pt;\">Si no accepta l&#8217;\u00fas de les cookies, ja que \u00e9s possible gr\u00e0cies als men\u00fas de prefer\u00e8ncies o ajustos del seu navegador, rebutjar-les, aquest lloc web continuar\u00e0 funcionant adequadament sense l&#8217;\u00fas d&#8217;aquestes.<\/span><\/p>\n<p style=\"text-align: justify;\"><span style=\"font-size: 12pt;\">Pot vost\u00e9 permetre, bloquejar o eliminar les cookies instal\u00b7lades en el seu equip mitjan\u00e7ant la configuraci\u00f3 de les opcions del navegador instal\u00b7lat en el seu ordinador.<\/span><\/p>\n<ul>\n<li style=\"text-align: justify;\"><span style=\"font-size: 12pt;\">Per a m\u00e9s informaci\u00f3 sobre Internet Explorer, o com bloquejar, habilitar o permetre les cookies <a href=\"https:\/\/support.microsoft.com\/es-es\/products\/windows?os=windows-7\" target=\"_blank\" rel=\"noopener\">polse ac\u00ed.<\/a><\/span><\/li>\n<li><span style=\"font-size: 12pt;\">Per a m\u00e9s informaci\u00f3 sobre Chrome <span style=\"color: #0000ff;\"><a style=\"color: #0000ff;\" href=\"https:\/\/support.google.com\/chrome\/answer\/95647?hl=es\">polse ac\u00ed<\/a>.<\/span><\/span><\/li>\n<li><span style=\"font-size: 12pt;\">Per a m\u00e9s informaci\u00f3 sobre Safari <span style=\"color: #0000ff;\"><a style=\"color: #0000ff;\" href=\"http:\/\/support.apple.com\/kb\/HT1677?viewlocale=es_ES&amp;locale=es_ES\">polse ac\u00ed.<\/a><\/span><\/span><\/li>\n<li><span style=\"font-size: 12pt;\">Per a m\u00e9s informaci\u00f3 sobre Firefox <span style=\"color: #0000ff;\"><a style=\"color: #0000ff;\" href=\"http:\/\/support.mozilla.org\/es\/kb\/habilitar-y-deshabilitar-cookies-que-los-sitios-we\">polse ac\u00ed.<\/a><\/span><\/span><\/li>\n<\/ul>\n<p style=\"text-align: justify;\"><span style=\"font-size: 12pt;\">A trav\u00e9s del seu navegador, vost\u00e9 tamb\u00e9 pot veure les cookies que estan en el seu ordinador, i esborrar-les segons crea convenient. Les cookies s\u00f3n arxius de text, els pot obrir i llegir el contingut. Les dades dins d&#8217;ells quasi sempre est\u00e0 xifrat amb una clau num\u00e8rica que correspon a una sessi\u00f3 en Internet pel que moltes vegades no t\u00e9 sentit m\u00e9s enll\u00e0 que la p\u00e0gina web que ho va escriure.<\/span><\/p>\n<p style=\"text-align: justify;\"><span style=\"font-size: 12pt; color: #af2d1e;\">Consentimient informat<\/span><\/p>\n<p style=\"text-align: justify;\"><span style=\"font-size: 12pt;\">La utilitzaci\u00f3 de la present p\u00e0gina Web per part seua, implica que Vost\u00e9 presta el seu consentiment expresse i inequ\u00edvoc a la utilitzaci\u00f3 de cookies, en els termes i condicions previstos en aquesta Pol\u00edtica de Cookies, sense perjudici de les mesures de desactivaci\u00f3 i eliminaci\u00f3 de les cookies que Vost\u00e9 puga adoptar, i que s&#8217;esmenten en l&#8217;apartat anterior.<\/span><\/p>\n<\/div><\/div><\/div><\/div><div class = \"tatsu-column-bg-image-wrap\"><div class = \"tatsu-column-bg-image\" ><\/div><\/div><\/div><style>.tatsu-BycBuEHlQ.tatsu-column > .tatsu-column-inner > .tatsu-column-overlay{mix-blend-mode: none;}.tatsu-BycBuEHlQ > .tatsu-column-inner > .tatsu-top-divider{z-index: 9999;}.tatsu-BycBuEHlQ > .tatsu-column-inner > .tatsu-bottom-divider{z-index: 9999;}.tatsu-BycBuEHlQ > .tatsu-column-inner > .tatsu-left-divider{z-index: 9999;}.tatsu-BycBuEHlQ > .tatsu-column-inner > .tatsu-right-divider{z-index: 9999;}.tatsu-BycBuEHlQ.tatsu-column{transform: translate3d(0px,0px, 0);}<\/style><\/div><\/div><\/div><\/div><div class=\"tatsu-section-background-wrap\"><div class = \"tatsu-section-background\" ><\/div><\/div><style>.tatsu-S1W5HuEHgm.tatsu-section{background-color: rgba(255,247,247,1);margin: 0px 0px 0px 0px;}.tatsu-S1W5HuEHgm .tatsu-section-pad{padding: 90px 0px 90px 0px;}.tatsu-S1W5HuEHgm > .tatsu-bottom-divider{z-index: 9999;}.tatsu-S1W5HuEHgm > .tatsu-top-divider{z-index: 9999;}<\/style><\/div>\n","protected":false},"excerpt":{"rendered":"<p><a href=\"https:\/\/rmvalencia.com\/val\/politica-de-cookies\/\" class=\"more-link style3-button\">Read More<\/a><\/p>","protected":false},"author":8,"featured_media":0,"parent":0,"menu_order":0,"comment_status":"closed","ping_status":"closed","template":"page-with-title.php","meta":{"footnotes":""},"class_list":["post-6350","page","type-page","status-publish","hentry"],"_links":{"self":[{"href":"https:\/\/rmvalencia.com\/val\/wp-json\/wp\/v2\/pages\/6350","targetHints":{"allow":["GET"]}}],"collection":[{"href":"https:\/\/rmvalencia.com\/val\/wp-json\/wp\/v2\/pages"}],"about":[{"href":"https:\/\/rmvalencia.com\/val\/wp-json\/wp\/v2\/types\/page"}],"author":[{"embeddable":true,"href":"https:\/\/rmvalencia.com\/val\/wp-json\/wp\/v2\/users\/8"}],"replies":[{"embeddable":true,"href":"https:\/\/rmvalencia.com\/val\/wp-json\/wp\/v2\/comments?post=6350"}],"version-history":[{"count":0,"href":"https:\/\/rmvalencia.com\/val\/wp-json\/wp\/v2\/pages\/6350\/revisions"}],"wp:attachment":[{"href":"https:\/\/rmvalencia.com\/val\/wp-json\/wp\/v2\/media?parent=6350"}],"curies":[{"name":"wp","href":"https:\/\/api.w.org\/{rel}","templated":true}]}}