{"id":6346,"date":"2018-06-27T10:19:17","date_gmt":"2018-06-27T10:19:17","guid":{"rendered":"http:\/\/rmvalencia.com\/?page_id=6346"},"modified":"2018-06-27T11:54:54","modified_gmt":"2018-06-27T11:54:54","slug":"text-legal-tpv","status":"publish","type":"page","link":"https:\/\/rmvalencia.com\/val\/pagament-provisions\/text-legal-tpv\/","title":{"rendered":"Text Legal TPV"},"content":{"rendered":"<div  class=\"tatsu-BJZYzgMSgQ tatsu-section    tatsu-clearfix\" data-title=\"\"  data-headerscheme=\"background--dark\"><div class='tatsu-section-pad clearfix' data-padding='{\"d\":\"90px 0px 90px 0px\"}' data-padding-top='90px'><div class=\"tatsu-row-wrap  tatsu-wrap tatsu-row-one-col tatsu-row-has-one-cols tatsu-medium-gutter tatsu-reg-cols  tatsu-clearfix tatsu-HJltMeMSx7\" ><div  class=\"tatsu-row \" ><div  class=\"tatsu-column  tatsu-column-no-bg tatsu-one-col tatsu-column-image- tatsu-column-effect-  tatsu-SkFflGSeX\" data-animation=\"fadeIn\"   data-parallax-speed=\"0\" style=\"\"><div class=\"tatsu-column-inner \" ><div class=\"tatsu-column-pad-wrap\"><div class=\"tatsu-column-pad\" ><div  class=\"tatsu-module tatsu-text-block-wrap tatsu-HJzQlMHxQ  \"><div class=\"tatsu-text-inner tatsu-align-center  clearfix\" data-animation=\"fadeIn\"  ><style>.tatsu-HJzQlMHxQ.tatsu-text-block-wrap .tatsu-text-inner{width: 100%;}<\/style>\n<p style=\"text-align: justify;\"><span style=\"font-size: 14pt; color: #af2d1e;\"><strong>Text Legal Tpv-www.rmvalencia.com\u00a0<\/strong><\/span><\/p>\n<p style=\"text-align: justify;\"><span style=\"font-size: 12pt;\">El servei <strong>TPV del Registre Mercantil de Val\u00e8ncia<\/strong> t\u00e9 la <strong>finalitat<\/strong> de <strong>crear un document en format PDF acreditatiu del pagament amb targeta de cr\u00e8dit<\/strong> <strong>de les provisions<\/strong> per a la inscripci\u00f3 de documents societaris. Aquest servei tracta de facilitar a l&#8217;usuari el pagament amb targeta de cr\u00e8dit i evitar amb aix\u00f2 el pagament en efectiu en les oficines del Registre.<\/span><\/p>\n<p style=\"text-align: justify;\"><span style=\"font-size: 12pt;\">L&#8217;\u00fas del servei tpv \u00e9s <strong>voluntari.<\/strong> En l&#8217;actualitat el servei \u00e9s v\u00e0lid \u00fanicament per als serveis enumerats en aquest de manera exclusiva no podent usar-se per a uns altres no inclosos. Aix\u00ed mateix el sistema <strong>no \u00e9s valgut per al pagament d&#8217;honoraris de document tramitats telem\u00e0ticament en els serveis web del Col\u00b7legi de Registradors<\/strong> at\u00e9s que aquest servei disposa del seu propi sistema de pagament domiciliat.<\/span><\/p>\n<p style=\"text-align: justify;\"><span style=\"font-size: 12pt; color: #af2d1e;\"><strong>Enviaments<\/strong><\/span><\/p>\n<p style=\"text-align: justify;\"><span style=\"font-size: 12pt;\">El servei TPV del Registre Mercantil de Val\u00e8ncia no realitza cap tipus d&#8217;enviament f\u00edsic, l&#8217;usuari rep un justificant de pagament en format PDF online en el moment posterior al pagament a trav\u00e9s de les passarel\u00b7les de pagament habilitades. L&#8217;usuari \u00e9s el responsable d&#8217;imprimir en el moment del pagament aquest justificant si b\u00e9 una vegada confirmat el pagament pot reimprimir-se des de la seua \u00e0rea de client.<\/span><\/p>\n<p style=\"text-align: justify;\"><span style=\"font-size: 12pt; color: #af2d1e;\"><strong>Devolucions<\/strong><\/span><\/p>\n<p style=\"text-align: justify;\"><span style=\"font-size: 12pt;\">El pagador del document que desistisca de la utilitzaci\u00f3 del justificant de pagament pot acudir a les nostres oficines identificant-se amb el DNI i aportant aquest justificant de pagament perqu\u00e8 es procedisca a la devoluci\u00f3 de l&#8217;import del justificant de pagament.<\/span><\/p>\n<p style=\"text-align: justify;\"><span style=\"font-size: 12pt; color: #af2d1e;\"><strong>Protecci\u00f3 de dades<\/strong><\/span><\/p>\n<p style=\"text-align: justify;\"><span style=\"font-size: 12pt;\">Les dades recollides per aquesta aplicaci\u00f3 s\u00f3n tractats sobre la base de la nostra\u00a0<span style=\"color: #0000ff;\"><a style=\"color: #0000ff;\" href=\"http:\/\/rmvalencia.com\/privacidad\/\" target=\"_blank\" rel=\"noopener\">Pol\u00edtica de privacitat<\/a><\/span><\/span><\/p>\n<p style=\"text-align: justify;\"><span style=\"font-size: 12pt;\">A efectes informatius: El servei emmagatzema les dades necess\u00e0ries per a la gesti\u00f3 efectiva dels pagaments i la reimpressi\u00f3 d&#8217;aquests. Per a generar nous justificants de pagament han de reintroduir-se totes les dades de nou. <strong>EL REGISTRE MERCANTIL DE VAL\u00c8NCIA CB<\/strong> no emmagatzema cap tipus d&#8217;informaci\u00f3 relativa a mitjans de pagament, les dades de la targeta de cr\u00e8dit s&#8217;aporten a trav\u00e9s una passarel\u00b7la de pagament contractada amb el Banc Caixabank (pol\u00edtiques de privacitat en el seu web <span style=\"color: #0000ff;\"><a style=\"color: #0000ff;\" href=\"https:\/\/www.caixabank.es\/deployedfiles\/particulares\/Estaticos\/pdf\/general\/ComunicacionInstitucionalContrato_CAST_24052018.PDF\" target=\"_blank\" rel=\"noopener\">www.caixabank.es<\/a><\/span>) que al seu torn utilitza el prove\u00efdor REDSYS per a processar els pagaments (pol\u00edtica de privacitat en el seu web <span style=\"color: #0000ff;\"><a style=\"color: #0000ff;\" href=\"https:\/\/www.redsys.es\/\">www.redsys.es<\/a><\/span>). El Registre Mercantil vela que aquestes entitats, donat el car\u00e0cter de les dades que utilitzen, complisquen amb les m\u00e9s estrictes mesures de seguretat en mat\u00e8ria de pagaments online.<\/span><\/p>\n<p style=\"text-align: justify;\"><strong><span style=\"font-size: 12pt;\">El domicili del Registre Mercantil de Val\u00e8ncia \u00e9s Avinguda Gran via Marqu\u00e9s del Turia n\u00fam.57 baix &#8211; CP: 46005 Val\u00e8ncia.<\/span><\/strong><\/p>\n<\/div><\/div><\/div><\/div><div class = \"tatsu-column-bg-image-wrap\"><div class = \"tatsu-column-bg-image\" ><\/div><\/div><\/div><style>.tatsu-SkFflGSeX.tatsu-column > .tatsu-column-inner > .tatsu-column-overlay{mix-blend-mode: none;}.tatsu-SkFflGSeX > .tatsu-column-inner > .tatsu-top-divider{z-index: 9999;}.tatsu-SkFflGSeX > .tatsu-column-inner > .tatsu-bottom-divider{z-index: 9999;}.tatsu-SkFflGSeX > .tatsu-column-inner > .tatsu-left-divider{z-index: 9999;}.tatsu-SkFflGSeX > .tatsu-column-inner > .tatsu-right-divider{z-index: 9999;}.tatsu-SkFflGSeX.tatsu-column{transform: translate3d(0px,0px, 0);}<\/style><\/div><\/div><\/div><\/div><div class=\"tatsu-section-background-wrap\"><div class = \"tatsu-section-background\" ><\/div><\/div><style>.tatsu-BJZYzgMSgQ.tatsu-section{background-color: rgba(255,247,247,1);margin: 0px 0px 0px 0px;}.tatsu-BJZYzgMSgQ .tatsu-section-pad{padding: 90px 0px 90px 0px;}.tatsu-BJZYzgMSgQ > .tatsu-bottom-divider{z-index: 9999;}.tatsu-BJZYzgMSgQ > .tatsu-top-divider{z-index: 9999;}<\/style><\/div>\n","protected":false},"excerpt":{"rendered":"<p><a href=\"https:\/\/rmvalencia.com\/val\/pagament-provisions\/text-legal-tpv\/\" class=\"more-link style3-button\">Read More<\/a><\/p>","protected":false},"author":8,"featured_media":0,"parent":6321,"menu_order":0,"comment_status":"closed","ping_status":"closed","template":"page-with-title.php","meta":{"footnotes":""},"class_list":["post-6346","page","type-page","status-publish","hentry"],"_links":{"self":[{"href":"https:\/\/rmvalencia.com\/val\/wp-json\/wp\/v2\/pages\/6346","targetHints":{"allow":["GET"]}}],"collection":[{"href":"https:\/\/rmvalencia.com\/val\/wp-json\/wp\/v2\/pages"}],"about":[{"href":"https:\/\/rmvalencia.com\/val\/wp-json\/wp\/v2\/types\/page"}],"author":[{"embeddable":true,"href":"https:\/\/rmvalencia.com\/val\/wp-json\/wp\/v2\/users\/8"}],"replies":[{"embeddable":true,"href":"https:\/\/rmvalencia.com\/val\/wp-json\/wp\/v2\/comments?post=6346"}],"version-history":[{"count":0,"href":"https:\/\/rmvalencia.com\/val\/wp-json\/wp\/v2\/pages\/6346\/revisions"}],"up":[{"embeddable":true,"href":"https:\/\/rmvalencia.com\/val\/wp-json\/wp\/v2\/pages\/6321"}],"wp:attachment":[{"href":"https:\/\/rmvalencia.com\/val\/wp-json\/wp\/v2\/media?parent=6346"}],"curies":[{"name":"wp","href":"https:\/\/api.w.org\/{rel}","templated":true}]}}