{"id":6334,"date":"2018-05-30T10:11:13","date_gmt":"2018-05-30T10:11:13","guid":{"rendered":"http:\/\/rmvalencia.com\/?page_id=6334"},"modified":"2025-05-14T10:59:56","modified_gmt":"2025-05-14T09:59:56","slug":"pago-con-tarjeta","status":"publish","type":"page","link":"https:\/\/rmvalencia.com\/val\/pagament-provisions\/pago-con-tarjeta\/","title":{"rendered":"Modalidad de Pago"},"content":{"rendered":"<div  class=\"tatsu-HyZ7uEJVx7 tatsu-section    tatsu-clearfix\" data-title=\"\"  data-headerscheme=\"background--dark\"><div class='tatsu-section-pad clearfix' data-padding='{\"d\":\"20px 0px 20px 0px \"}' data-padding-top='20px'><div class=\"tatsu-row-wrap  tatsu-wrap tatsu-row-one-col tatsu-row-has-one-cols tatsu-zero-margin tatsu-medium-gutter tatsu-reg-cols  tatsu-clearfix tatsu-Byx7_EkEg7\" ><div  class=\"tatsu-row \" ><div  class=\"tatsu-column  tatsu-one-col tatsu-column-image-none tatsu-column-effect-none  tatsu-Hk7ON1Exm\"  data-parallax-speed=\"0\" style=\"\"><div class=\"tatsu-column-inner \" ><div class=\"tatsu-column-pad-wrap\"><div class=\"tatsu-column-pad\" ><div  class=\"tatsu-module tatsu-clearfix tatsu-dropcap-wrap tatsu-rJ82414xm   \" ><span class=\"tatsu-dropcap tatsu-dropcap-letter big\"><i class=\"tatsu-icon icon-info2\"><\/i><\/span>\n<h5 style=\"text-align: justify;\"><strong><span style=\"color: #af2d1e;\">Nova Modalitat de Pagament per als Clients de Banc Santander,BBVA, ABANCA, CajaMar\u00a0 i CaixaBank.<\/span><\/strong><\/h5>\n<p style=\"padding-left: 30px; text-align: justify;\"><strong><span style=\"font-size: 12pt; color: #000000;\">Si \u00e9s client d&#8217;alguna de aquestes\u00a0 entitats bancaries realitze el pagament del formulari \u00a0utilizant\u00a0 els\u00a0 portals bancaris de la seua entitat.\u00a0<span style=\"color: #339966;\">Mes Informaci\u00f3 en el punt Modalitats de Pagament de Provisiones.<\/span><\/span><\/strong><\/p>\n<style>.tatsu-rJ82414xm .tatsu-icon{color: rgba(41,199,41,1) ;}<\/style><\/div><\/div><\/div><div class = \"tatsu-column-bg-image-wrap\"><div class = \"tatsu-column-bg-image\" ><\/div><\/div><\/div><style>.tatsu-row > .tatsu-Hk7ON1Exm.tatsu-column{width: 100%;}.tatsu-Hk7ON1Exm.tatsu-column > .tatsu-column-inner{background-color: rgba(198,201,198,1);}.tatsu-Hk7ON1Exm.tatsu-column > .tatsu-column-inner > .tatsu-column-pad-wrap > .tatsu-column-pad{padding: 10px 10px 10px 10px ;}.tatsu-Hk7ON1Exm.tatsu-column > .tatsu-column-inner > .tatsu-column-overlay{mix-blend-mode: none;}.tatsu-Hk7ON1Exm > .tatsu-column-inner > .tatsu-top-divider{z-index: 9999;}.tatsu-Hk7ON1Exm > .tatsu-column-inner > .tatsu-bottom-divider{z-index: 9999;}.tatsu-Hk7ON1Exm > .tatsu-column-inner > .tatsu-left-divider{z-index: 9999;}.tatsu-Hk7ON1Exm > .tatsu-column-inner > .tatsu-right-divider{z-index: 9999;}<\/style><\/div><\/div><\/div><\/div><div class=\"tatsu-section-background-wrap\"><div class = \"tatsu-section-background\" ><\/div><\/div><style>.tatsu-HyZ7uEJVx7.tatsu-section{background-color: rgba(255,247,247,1);}.tatsu-HyZ7uEJVx7 .tatsu-section-pad{padding: 20px 0px 20px 0px ;}.tatsu-HyZ7uEJVx7 > .tatsu-bottom-divider{z-index: 9999;}.tatsu-HyZ7uEJVx7 > .tatsu-top-divider{z-index: 9999;}<\/style><\/div><div  class=\"tatsu-S1PjJ_fNm tatsu-section    tatsu-clearfix\" data-title=\"\"  data-headerscheme=\"background--dark\"><div class='tatsu-section-pad clearfix' data-padding='{\"d\":\"20px 0px 20px 0px \"}' data-padding-top='20px'><div class=\"tatsu-row-wrap  tatsu-wrap tatsu-row-has-two-cols tatsu-medium-gutter tatsu-reg-cols  tatsu-clearfix tatsu-HklO1e_G47\" ><div  class=\"tatsu-row \" ><div  class=\"tatsu-column  tatsu-column-no-bg tatsu-two-third tatsu-column-image-none tatsu-column-effect-none  tatsu-H1_ylOM4m\"  data-parallax-speed=\"0\" style=\"\"><div class=\"tatsu-column-inner \" ><div class=\"tatsu-column-pad-wrap\"><div class=\"tatsu-column-pad\" ><div  class=\"tatsu-module tatsu-text-block-wrap tatsu-H1OGxdfV7  \"><div class=\"tatsu-text-inner tatsu-align-center  clearfix\" ><style>.tatsu-H1OGxdfV7.tatsu-text-block-wrap .tatsu-text-inner{width: 100%;text-align: left;}<\/style>\n<blockquote>\n<p style=\"text-align: justify;\"><span style=\"font-size: 12pt; color: #000000;\"><strong>\u00a0&#8220;Aquest procediment no \u00e9s aplicable a documents tramitats a trav\u00e9s dels serveis web del Col\u00b7legi de Registradors&#8221;.<\/strong><\/span><\/p>\n<\/blockquote>\n<p style=\"text-align: justify;\"><span style=\"color: #af1e2d; font-size: 14pt;\"><strong>Modalitats de Pagament de Provisions:<br \/>\n<\/strong><\/span><\/p>\n<p style=\"text-align: justify;\"><span style=\"font-size: 12pt;\"><span style=\"color: #339966;\"><strong>Banca Banca Online per a Clients de Banc Santander, BBVA,\u00a0 ABANCA, CaixaMar i Caixabank:\u00a0 <\/strong><\/span>Si \u00e9s client d&#8217;alguna de\u00a0aquestes \u00a0entitats banc\u00e0ries\u00a0realitze el pagament del formulari \u00a0utilitzant\u00a0 els\u00a0 portals bancaris de la seua entitat.<\/span><\/p>\n<p style=\"text-align: justify;\"><strong><span style=\"font-size: 12pt;\">Passos a seguir:<\/span><\/strong><\/p>\n<ul>\n<li style=\"text-align: justify;\"><span style=\"font-size: 12pt;\"><span style=\"font-size: 12pt;\">Accedir a emplenar el model del document a presentar, i donar a l&#8217;opci\u00f3 de <strong>&#8220;Nom\u00e9s Imprimir model&#8221;<\/strong>. Una vegada impr\u00e9s aquest model i realitzat el pagament, s&#8217;ha de presentar en el Registre juntament amb el seu justificant de pagament, que s&#8217;aportara amb la documentaci\u00f3 corresponent.<\/span><\/span><\/li>\n<li style=\"text-align: justify;\"><span style=\"font-size: 12pt;\">Seguidament, s&#8217;accedir\u00e0 a la Banca Online de la nostra entitat banc\u00e0ria, des d&#8217;on es realitzara el pagament de l&#8217;import que apareix en el formulari.<br \/>\n<\/span><\/li>\n<\/ul>\n<p style=\"text-align: justify;\"><span style=\"font-size: 12pt;\">Els <strong>enlla\u00e7os a la Banca Online<\/strong> d&#8217;aquestes entitats s\u00f3n els seg\u00fcents:<\/span><\/p>\n<ul>\n<li><b><a href=\"https:\/\/www.bancosantander.es\/es\/particulares\/banca-online\" target=\"_blank\" rel=\"noopener noreferrer\">Accedir Banca Online Santander Persona\u00a0F\u00edsica<\/a>\u00a0 \/<\/b><a href=\"http:\/\/rmvalencia.com\/fileadmin\/Formularios\/Manuales\/Santander%20Pago%20online%20persona%20f%C3%ADsica.pdf\" target=\"_blank\" rel=\"noopener noreferrer\"><b>\u00a0<span style=\"font-size: 10pt;\">(Manual)<\/span><\/b><\/a><\/li>\n<li><b><a href=\"https:\/\/tpv.rmvalencia.com\/fileadmin\/Formularios\/Manuales\/Santander%20Pago%20online%20empresa.pdf\" target=\"_blank\" rel=\"noopener noreferrer\">Accedir Banca Online Santander Empreses\u00a0o\u00a0Institucions<\/a>\/<\/b><a href=\"https:\/\/tpv.rmvalencia.com\/fileadmin\/Formularios\/Manuales\/Santander%20Pago%20online%20empresa.pdf\" target=\"_blank\" rel=\"noopener noreferrer\"><b>\u00a0<span style=\"font-size: 10pt;\">(Manual)<\/span><\/b><\/a><\/li>\n<li><a href=\"https:\/\/www.bbva.es\/particulares\/index.jsp\" target=\"_blank\" rel=\"noopener noreferrer\">Accedir Banca Online BBVA<\/a> \/<span style=\"font-size: 10pt;\"> <a href=\"http:\/\/rmvalencia.com\/fileadmin\/Formularios\/Manuales\/BBVAPago%20Recibos.pdf\" target=\"_blank\" rel=\"noopener noreferrer\"><b><span style=\"font-size: 10pt;\">(Manual)<\/span><\/b><\/a><\/span><\/li>\n<li>\n<h6><a href=\"https:\/\/rmvalencia.com\/fileadmin\/Formularios\/Manuales\/ABANCA%20Pagoonline.pdf\">Accedir ABANCA Online<\/a> \/<a href=\"https:\/\/rmvalencia.com\/fileadmin\/Formularios\/Manuales\/manual%20Abanca%20pago%20de%20provisiones.pdf\">(Manual)<\/a><\/h6>\n<\/li>\n<li><a href=\"https:\/\/www.cajamar.es\/es\/comun\/\" target=\"_blank\" rel=\"noopener noreferrer\"><b>Accedir Banca Online Cajamar<\/b><\/a><b> \/<\/b><a href=\"http:\/\/rmvalencia.com\/fileadmin\/Formularios\/Manuales\/CajaMar%20Pago%20Recibos.pdf\" target=\"_blank\" rel=\"noopener noreferrer\"><b><span style=\"font-size: 10pt;\"> (Manual)<\/span><\/b><\/a><\/li>\n<li><a href=\"https:\/\/www.caixabank.es\/particular\/home\/particulares_es.html\" target=\"_blank\" rel=\"noopener noreferrer\"><b>Accedir Banca Online\u00a0 Caixabank<\/b><\/a><b> \/\u00a0<\/b><span style=\"font-size: 10pt;\"><a href=\"https:\/\/rmvalencia.com\/fileadmin\/Formularios\/Manuales\/LaCaixaManualLineaAbierta.pdf\" target=\"_blank\" rel=\"noopener noreferrer\"><b><span style=\"font-size: 10pt;\">(Manual)<\/span><\/b><\/a><\/span><\/li>\n<\/ul>\n<p style=\"text-align: justify;\"><strong><span style=\"color: #339966; font-size: 12pt;\">Pagament efectiu\u00a0\u00a0en l&#8217;oficina del Registre o pagament en c\u00e0rrec en compte\u00a0 en les entitats CajaMar o Banc Santander.\u00a0<\/span><\/strong><\/p>\n<p style=\"text-align: justify;\"><span style=\"font-size: 12pt;\"><strong>Passos a seguir:<\/strong><\/span><\/p>\n<ul>\n<li style=\"text-align: justify;\"><span style=\"font-size: 12pt;\">Accedir a emplenar el model del document a presentar, i donar a l&#8217;opci\u00f3 de <strong>&#8220;Nom\u00e9s Imprimir model&#8221;. Una vegada impr\u00e9s aquest model i realitzat el pagament, s\u00b4ha de presentar en el Registre juntament amb el seu justificant de pagament, que s&#8217;aportaran amb la documentaci\u00f3 corresponent.<\/strong><br \/>\n<\/span><\/li>\n<li style=\"text-align: justify;\"><span style=\"font-size: 12pt;\">Presentar model i pagar en les oficines del Registre en horari\u00a0 de 9 a 14, o b\u00e9 realitzar el pagament en c\u00e0rrec en compte en qualsevol oficina de CAJAMAR I BANC SANTANDER,\u00a0en els horaris establits a aquest efecte.<\/span><\/li>\n<\/ul>\n<p style=\"text-align: justify;\"><span style=\"color: #339966;\"><strong><span style=\"font-size: 12pt;\">Pagament amb Targeta per TPV\u00a0per a altres entitats banc\u00e0ries.<br \/>\n<\/span><\/strong><\/span><\/p>\n<p><img loading=\"lazy\" decoding=\"async\" class=\"alignnone wp-image-6998 size-full\" src=\"https:\/\/rmvalencia.com\/wp-content\/uploads\/2018\/06\/TPVal.png\" alt=\"\" width=\"960\" height=\"720\" srcset=\"https:\/\/rmvalencia.com\/wp-content\/uploads\/2018\/06\/TPVal.png 960w, https:\/\/rmvalencia.com\/wp-content\/uploads\/2018\/06\/TPVal-300x225.png 300w, https:\/\/rmvalencia.com\/wp-content\/uploads\/2018\/06\/TPVal-768x576.png 768w, https:\/\/rmvalencia.com\/wp-content\/uploads\/2018\/06\/TPVal-67x50.png 67w, https:\/\/rmvalencia.com\/wp-content\/uploads\/2018\/06\/TPVal-650x488.png 650w\" sizes=\"auto, (max-width: 960px) 100vw, 960px\" \/><\/p>\n<\/div><\/div><\/div><\/div><div class = \"tatsu-column-bg-image-wrap\"><div class = \"tatsu-column-bg-image\" ><\/div><\/div><\/div><style>.tatsu-row > .tatsu-H1_ylOM4m.tatsu-column{width: 66.67%;}.tatsu-H1_ylOM4m.tatsu-column > .tatsu-column-inner > .tatsu-column-overlay{mix-blend-mode: none;}.tatsu-H1_ylOM4m > .tatsu-column-inner > .tatsu-top-divider{z-index: 9999;}.tatsu-H1_ylOM4m > .tatsu-column-inner > .tatsu-bottom-divider{z-index: 9999;}.tatsu-H1_ylOM4m > .tatsu-column-inner > .tatsu-left-divider{z-index: 9999;}.tatsu-H1_ylOM4m > .tatsu-column-inner > .tatsu-right-divider{z-index: 9999;}@media only screen and (max-width: 767px) {.tatsu-row > .tatsu-H1_ylOM4m.tatsu-column{width: 100%;}}<\/style><\/div><div  class=\"tatsu-column  tatsu-column-no-bg tatsu-one-third tatsu-column-image-none tatsu-column-effect-none  tatsu-r1eTNFdfN7\"  data-parallax-speed=\"0\" style=\"\"><div class=\"tatsu-column-inner \" ><div class=\"tatsu-column-pad-wrap\"><div class=\"tatsu-column-pad\" ><div  class=\"tatsu-module tatsu-text-block-wrap tatsu-BJ_YZzRVm  \"><div class=\"tatsu-text-inner tatsu-align-center  clearfix\" ><style>.tatsu-BJ_YZzRVm.tatsu-text-block-wrap .tatsu-text-inner{width: 100%;text-align: left;}<\/style>\n<p style=\"text-align: center;\"><span style=\"color: #af2d00;\"><strong><span style=\"font-size: 18pt;\">Informaci\u00f3 de Provisions i Honoraris<\/span><\/strong><\/span><\/p>\n<\/div><\/div><div  class=\"tatsu-module tatsu-normal-button tatsu-button-wrap align-block block-center  tatsu-r1ji-fR47   \"><a class=\"tatsu-shortcode mediumbtn tatsu-button left-icon circular   bg-animation-none  \" href=\"https:\/\/rmvalencia.com\/val\/pagament-provisions\/informacio-provisions\/\" style= \"\"  aria-label=\"Honoraris i Provisions\" data-gdpr-atts={} ><i class=\"tatsu-icon icon-icon_calculator_alt\"><\/i>Honoraris i Provisions<\/a><style>.tatsu-r1ji-fR47 .tatsu-button{background-color: #2293D7;color: #ffffff ;border-width: 3px;border-color: rgba(29,28,28,1); }.tatsu-r1ji-fR47 .tatsu-button:hover{background-color: rgba(184,179,179,1);}<\/style><\/div><div  class=\"tatsu-module tatsu-text-block-wrap tatsu-Hk8vmkVxm  \"><div class=\"tatsu-text-inner tatsu-align-center  clearfix\" ><style>.tatsu-Hk8vmkVxm.tatsu-text-block-wrap .tatsu-text-inner{width: 100%;text-align: left;}<\/style>\n<p style=\"text-align: center;\"><span style=\"font-size: 18pt;\"><strong><span style=\"color: #af2d1e;\">Formularis per al Pagament de Provisions<\/span><\/strong><\/span><\/p>\n<\/div><\/div><div  class=\"tatsu-module tatsu-normal-button tatsu-button-wrap align-block block-center  tatsu-H12olJVgm   \"><a class=\"tatsu-shortcode blockbtn tatsu-button left-icon circular   bg-animation-none  \" href=\"\/pago-provisiones\/provision-documentos\/\" style= \"\"  aria-label=\"Documentos\" data-gdpr-atts={} ><i class=\"tatsu-icon icon-briefcase2\"><\/i>Documentos<\/a><style>.tatsu-H12olJVgm .tatsu-button{background-color: #2293D7;color: #ffffff ;border-width: 3px;border-color: rgba(17,1,1,1); }.tatsu-H12olJVgm .tatsu-button:hover{background-color: rgba(155,155,155,1);}<\/style><\/div><div  class=\"tatsu-module tatsu-normal-button tatsu-button-wrap align-block block-center  tatsu-H1dTGJVem   \"><a class=\"tatsu-shortcode blockbtn tatsu-button left-icon circular   bg-animation-none  \" href=\"\/pago-provisiones\/provision-ctas-anuales\/\" style= \"\"  aria-label=\"cuentas anuales\" data-gdpr-atts={} ><i class=\"tatsu-icon icon-bargraph\"><\/i>cuentas anuales<\/a><style>.tatsu-H1dTGJVem .tatsu-button{background-color: #2293D7;color: #ffffff ;border-width: 3px;border-color: rgba(19,18,18,1); }.tatsu-H1dTGJVem .tatsu-button:hover{background-color: rgba(155,155,155,1);}<\/style><\/div><div  class=\"tatsu-module tatsu-normal-button tatsu-button-wrap align-block block-center  tatsu-SJll71Nl7   \"><a class=\"tatsu-shortcode blockbtn tatsu-button left-icon circular   bg-animation-none  \" href=\"\/pago-provisiones\/pago-libros\/\" style= \"\"  aria-label=\"Libros\" data-gdpr-atts={} ><i class=\"tatsu-icon icon-icon_book_alt\"><\/i>Libros<\/a><style>.tatsu-SJll71Nl7 .tatsu-button{background-color: #2293D7;color: #ffffff ;border-width: 3px;border-color: rgba(20,17,17,1); }.tatsu-SJll71Nl7 .tatsu-button:hover{background-color: rgba(155,155,155,1);}<\/style><\/div><\/div><\/div><div class = \"tatsu-column-bg-image-wrap\"><div class = \"tatsu-column-bg-image\" ><\/div><\/div><\/div><style>.tatsu-row > .tatsu-r1eTNFdfN7.tatsu-column{width: 33.33%;}.tatsu-r1eTNFdfN7.tatsu-column > .tatsu-column-inner > .tatsu-column-overlay{mix-blend-mode: none;}.tatsu-r1eTNFdfN7 > .tatsu-column-inner > .tatsu-top-divider{z-index: 9999;}.tatsu-r1eTNFdfN7 > .tatsu-column-inner > .tatsu-bottom-divider{z-index: 9999;}.tatsu-r1eTNFdfN7 > .tatsu-column-inner > .tatsu-left-divider{z-index: 9999;}.tatsu-r1eTNFdfN7 > .tatsu-column-inner > .tatsu-right-divider{z-index: 9999;}@media only screen and (max-width: 767px) {.tatsu-row > .tatsu-r1eTNFdfN7.tatsu-column{width: 100%;}}<\/style><\/div><\/div><\/div><\/div><div class=\"tatsu-section-background-wrap\"><div class = \"tatsu-section-background\" ><\/div><\/div><style>.tatsu-S1PjJ_fNm.tatsu-section{background-color: rgba(255,247,247,1);}.tatsu-S1PjJ_fNm .tatsu-section-pad{padding: 20px 0px 20px 0px ;}.tatsu-S1PjJ_fNm > .tatsu-bottom-divider{z-index: 9999;}.tatsu-S1PjJ_fNm > .tatsu-top-divider{z-index: 9999;}<\/style><\/div>\n","protected":false},"excerpt":{"rendered":"<p><a href=\"https:\/\/rmvalencia.com\/val\/pagament-provisions\/pago-con-tarjeta\/\" class=\"more-link style3-button\">Read More<\/a><\/p>","protected":false},"author":8,"featured_media":0,"parent":6321,"menu_order":0,"comment_status":"closed","ping_status":"closed","template":"page-with-title.php","meta":{"footnotes":""},"class_list":["post-6334","page","type-page","status-publish","hentry"],"_links":{"self":[{"href":"https:\/\/rmvalencia.com\/val\/wp-json\/wp\/v2\/pages\/6334","targetHints":{"allow":["GET"]}}],"collection":[{"href":"https:\/\/rmvalencia.com\/val\/wp-json\/wp\/v2\/pages"}],"about":[{"href":"https:\/\/rmvalencia.com\/val\/wp-json\/wp\/v2\/types\/page"}],"author":[{"embeddable":true,"href":"https:\/\/rmvalencia.com\/val\/wp-json\/wp\/v2\/users\/8"}],"replies":[{"embeddable":true,"href":"https:\/\/rmvalencia.com\/val\/wp-json\/wp\/v2\/comments?post=6334"}],"version-history":[{"count":1,"href":"https:\/\/rmvalencia.com\/val\/wp-json\/wp\/v2\/pages\/6334\/revisions"}],"predecessor-version":[{"id":10448,"href":"https:\/\/rmvalencia.com\/val\/wp-json\/wp\/v2\/pages\/6334\/revisions\/10448"}],"up":[{"embeddable":true,"href":"https:\/\/rmvalencia.com\/val\/wp-json\/wp\/v2\/pages\/6321"}],"wp:attachment":[{"href":"https:\/\/rmvalencia.com\/val\/wp-json\/wp\/v2\/media?parent=6334"}],"curies":[{"name":"wp","href":"https:\/\/api.w.org\/{rel}","templated":true}]}}