{"id":6280,"date":"2018-06-27T09:56:25","date_gmt":"2018-06-27T09:56:25","guid":{"rendered":"http:\/\/rmvalencia.com\/?page_id=6280"},"modified":"2018-07-02T15:04:01","modified_gmt":"2018-07-02T15:04:01","slug":"mediadors-concursals","status":"publish","type":"page","link":"https:\/\/rmvalencia.com\/val\/formularis\/mediadors-concursals\/","title":{"rendered":"Mediadors Concursals"},"content":{"rendered":"<div  class=\"tatsu-B1bcVwlnJm tatsu-section    tatsu-clearfix\" data-title=\"\"  data-headerscheme=\"background--dark\"><div class='tatsu-section-pad clearfix' data-padding='{\"d\":\"90px 0px 110px 0px \"}' data-padding-top='90px'><div class=\"tatsu-row-wrap  tatsu-wrap tatsu-row-one-col tatsu-row-has-one-cols tatsu-medium-gutter tatsu-reg-cols  tatsu-clearfix tatsu-HJxcEwlhkQ\" ><div  class=\"tatsu-row \" ><div  class=\"tatsu-column  tatsu-column-no-bg tatsu-one-col tatsu-column-image- tatsu-column-effect-  tatsu-Hy54vl2kQ\" data-animation=\"fadeIn\"   data-parallax-speed=\"0\" style=\"\"><div class=\"tatsu-column-inner \" ><div class=\"tatsu-column-pad-wrap\"><div class=\"tatsu-column-pad\" ><div  class=\"tatsu-module tatsu-text-block-wrap tatsu-rJFSwxhy7  \"><div class=\"tatsu-text-inner tatsu-align-center  clearfix\" data-animation=\"fadeIn\"  ><style>.tatsu-rJFSwxhy7.tatsu-text-block-wrap .tatsu-text-inner{width: 100%;}<\/style>\n<p style=\"text-align: justify;\"><strong><span style=\"font-size: 14pt; color: #af1e2d;\">Sol\u00b7licitud del Procediment per a aconseguir un Acord Extrajudicial\u00a0\u00a0<\/span><\/strong><\/p>\n<p style=\"text-align: justify;\"><span style=\"font-size: 12pt;\">Punxe\u00a0<strong><a href=\"https:\/\/www.boe.es\/boe\/dias\/2015\/12\/29\/pdfs\/BOE-A-2015-14225.pdf\" target=\"_blank\" rel=\"noopener\">ac\u00ed<\/a><\/strong> per accedir a la publicaci\u00f3 del BOE del Dimarts 29 de desembre de 2015, que cont\u00e9 al final com annex la publicaci\u00f3 del formulari, que haur\u00e0 d&#8217;aportar-se al registre per <strong>triplicat.<\/strong><br \/><\/span><\/p>\n<\/div><\/div><\/div><\/div><div class = \"tatsu-column-bg-image-wrap\"><div class = \"tatsu-column-bg-image\" ><\/div><\/div><\/div><style>.tatsu-Hy54vl2kQ.tatsu-column > .tatsu-column-inner > .tatsu-column-overlay{mix-blend-mode: none;}.tatsu-Hy54vl2kQ > .tatsu-column-inner > .tatsu-top-divider{z-index: 9999;}.tatsu-Hy54vl2kQ > .tatsu-column-inner > .tatsu-bottom-divider{z-index: 9999;}.tatsu-Hy54vl2kQ > .tatsu-column-inner > .tatsu-left-divider{z-index: 9999;}.tatsu-Hy54vl2kQ > .tatsu-column-inner > .tatsu-right-divider{z-index: 9999;}.tatsu-Hy54vl2kQ.tatsu-column{transform: translate3d(0px,0px, 0);}<\/style><\/div><\/div><\/div><\/div><div class=\"tatsu-section-background-wrap\"><div class = \"tatsu-section-background\" ><\/div><\/div><style>.tatsu-B1bcVwlnJm.tatsu-section{background-color: rgba(255,247,247,1);margin: 0px 0px 0px 0px;}.tatsu-B1bcVwlnJm .tatsu-section-pad{padding: 90px 0px 110px 0px ;}.tatsu-B1bcVwlnJm > .tatsu-bottom-divider{z-index: 9999;}.tatsu-B1bcVwlnJm > .tatsu-top-divider{z-index: 9999;}<\/style><\/div>\n","protected":false},"excerpt":{"rendered":"<p><a href=\"https:\/\/rmvalencia.com\/val\/formularis\/mediadors-concursals\/\" class=\"more-link style3-button\">Read More<\/a><\/p>","protected":false},"author":8,"featured_media":0,"parent":6267,"menu_order":0,"comment_status":"closed","ping_status":"closed","template":"page-with-title.php","meta":{"footnotes":""},"class_list":["post-6280","page","type-page","status-publish","hentry"],"_links":{"self":[{"href":"https:\/\/rmvalencia.com\/val\/wp-json\/wp\/v2\/pages\/6280","targetHints":{"allow":["GET"]}}],"collection":[{"href":"https:\/\/rmvalencia.com\/val\/wp-json\/wp\/v2\/pages"}],"about":[{"href":"https:\/\/rmvalencia.com\/val\/wp-json\/wp\/v2\/types\/page"}],"author":[{"embeddable":true,"href":"https:\/\/rmvalencia.com\/val\/wp-json\/wp\/v2\/users\/8"}],"replies":[{"embeddable":true,"href":"https:\/\/rmvalencia.com\/val\/wp-json\/wp\/v2\/comments?post=6280"}],"version-history":[{"count":0,"href":"https:\/\/rmvalencia.com\/val\/wp-json\/wp\/v2\/pages\/6280\/revisions"}],"up":[{"embeddable":true,"href":"https:\/\/rmvalencia.com\/val\/wp-json\/wp\/v2\/pages\/6267"}],"wp:attachment":[{"href":"https:\/\/rmvalencia.com\/val\/wp-json\/wp\/v2\/media?parent=6280"}],"curies":[{"name":"wp","href":"https:\/\/api.w.org\/{rel}","templated":true}]}}