{"id":6260,"date":"2018-06-27T09:28:47","date_gmt":"2018-06-27T09:28:47","guid":{"rendered":"http:\/\/rmvalencia.com\/?page_id=6260"},"modified":"2024-05-02T10:22:30","modified_gmt":"2024-05-02T09:22:30","slug":"documents","status":"publish","type":"page","link":"https:\/\/rmvalencia.com\/val\/documents\/","title":{"rendered":"Documents"},"content":{"rendered":"<div  class=\"tatsu-frmmw5kmlw1vpbxk tatsu-section    tatsu-clearfix\" data-title=\"Despacho de Documentos\"  data-headerscheme=\"background--dark\"><div class='tatsu-section-pad clearfix' data-padding='{\"d\":\"10px 10px 10px 10px \"}' data-padding-top='10px'><div class=\"tatsu-row-wrap  tatsu-wrap tatsu-row-one-col tatsu-row-has-one-cols tatsu-medium-gutter tatsu-reg-cols  tatsu-clearfix tatsu-frmmw5kmodgbht7i\" ><div  class=\"tatsu-row \" ><div  class=\"tatsu-column  tatsu-column-no-bg tatsu-one-col tatsu-column-image-none tatsu-column-effect-none  tatsu-frmmw5kmqc74zgwl\"  data-parallax-speed=\"0\" style=\"\"><div class=\"tatsu-column-inner \" ><div class=\"tatsu-column-pad-wrap\"><div class=\"tatsu-column-pad\" ><div  class=\"component component-fullwidth loaded fxSoftScale  tatsu-frmmw5kmrw1hkr6u   \"  data-height=\"360\" data-mobile-height=\"360\" data-current=\"0\" style=\"height: 360px;\"><ul class=\"itemwrap\"><li><div class=\"be-slide-bg-holder\">\n\t\t\t\t\t\t\t\t<div class=\"be-slide-bg be-bg-cover be-bg-parallax \" data-image=\"http:\/\/rmvalencia.com\/wp-content\/uploads\/2018\/03\/j-zamora-267753-unsplash.jpg\"><i class=\"font-icon loader-style4-wrap loader-icon\"><\/i><\/div>\n\t\t\t\t\t\t\t\t<div class=\"be-wrap\">\n\t\t\t\t\t\t\t\t\t<div class=\"be-slider-content-wrap\">\n\t\t\t\t\t\t\t\t\t\t<div class=\"be-slider-content clearfix\">\n\t\t\t\t\t\t\t\t\t\t\t<div class=\"be-slider-content-inner-wrap\" style=\"width: 100%;\"><\/div>\n\t\t\t\t\t\t\t\t\t\t<\/div>\n\t\t\t\t\t\t\t\t\t<\/div>\n\t\t\t\t\t\t\t\t<\/div>\n\t\t\t\t\t\t\t<\/div><\/li><\/ul><nav class=\"component-nav\"><a class=\"prev be-slider-prev\" href=\"#\"><i class=\"font-icon icon-arrow_carrot-left\"><\/i><\/a><a class=\"next be-slider-next\" href=\"#\"><i class=\"font-icon icon-arrow_carrot-right\"><\/i><\/a><\/nav><\/div><\/div><\/div><div class = \"tatsu-column-bg-image-wrap\"><div class = \"tatsu-column-bg-image\" ><\/div><\/div><\/div><style>.tatsu-row > .tatsu-frmmw5kmqc74zgwl.tatsu-column{width: 100%;}.tatsu-frmmw5kmqc74zgwl.tatsu-column > .tatsu-column-inner > .tatsu-column-overlay{mix-blend-mode: none;}.tatsu-frmmw5kmqc74zgwl > .tatsu-column-inner > .tatsu-top-divider{z-index: 9999;}.tatsu-frmmw5kmqc74zgwl > .tatsu-column-inner > .tatsu-bottom-divider{z-index: 9999;}.tatsu-frmmw5kmqc74zgwl > .tatsu-column-inner > .tatsu-left-divider{z-index: 9999;}.tatsu-frmmw5kmqc74zgwl > .tatsu-column-inner > .tatsu-right-divider{z-index: 9999;}<\/style><\/div><\/div><\/div><div class=\"tatsu-row-wrap  tatsu-wrap tatsu-row-one-col tatsu-row-has-one-cols tatsu-medium-gutter tatsu-reg-cols  tatsu-clearfix tatsu-frmmw5ko0fch8esk\" ><div  class=\"tatsu-row \" ><div  class=\"tatsu-column  tatsu-column-no-bg tatsu-one-col tatsu-column-image-none tatsu-column-effect-none  tatsu-frmmw5ko2vf4172y\"  data-parallax-speed=\"0\" style=\"\"><div class=\"tatsu-column-inner \" ><div class=\"tatsu-column-pad-wrap\"><div class=\"tatsu-column-pad\" ><div  class=\"tatsu-module tatsu-divider-wrap  tatsu-Sk9g2DSyX   \"  ><style>.tatsu-Sk9g2DSyX .tatsu-divider{height: 10px;width: 100%;background: rgba(175,30,45,1);}.tatsu-Sk9g2DSyX.tatsu-divider-wrap{text-align: left;}<\/style><hr class=\"tatsu-divider\"\/><\/div>\n<div  class=\" tatsu-frmmw5ko4da5izgo tabs oshine-module\"  ><ul class=\"clearfix be-tab-header\"><li><a id=\"tatsu-frmmw5lqzp1u9bjb\" class=\"tab-icon icon-info2\" href=\"#fragment-1-2123716827\">PREGUNTES FREQ\u00dcENTS<\/a> <style>#tatsu-frmmw5lqzp1u9bjb{color: rgba(21,43,14,1) ;}<\/style> <\/li>\n<li><a id=\"tatsu-HJ4UCcyf7\" class=\"\" href=\"#fragment-2-2123716827\">LEGISLACI\u00d3<\/a> <style>#tatsu-HJ4UCcyf7{color: rgba(106,170,36,1) ;}<\/style> <\/li>\n<li><a id=\"tatsu-BJwiFUJkh\" class=\"\" href=\"#fragment-3-2123716827\">FORMULARIS<\/a>  <\/li><\/ul><div id=\"fragment-1-2123716827\" class=\"clearfix be-tab-content\">\n<h5 style=\"text-align: justify;\"><span style=\"color: #af2d1e;\"><strong><span style=\"font-size: 12pt;\">Qui pot presentar documents en el Registre Mercantil?<\/span><\/strong><\/span><\/h5>\n<p style=\"text-align: justify;\"><span style=\"font-size: 12pt;\">Qui presente un document en el Registre Mercantil ser\u00e0 considerat representant de qui tinga la facultat o l&#8217;haver de sol\u00b7licitar la inscripci\u00f3. <strong>Article 45 del Reglament del Registre Mercantil<\/strong>.<\/span><\/p>\n<h5 style=\"text-align: justify;\"><span style=\"color: #af2d1e;\"><strong><span style=\"font-size: 12pt;\">Quin \u00e9s l&#8217;horari d&#8217;obertura al p\u00fablic del Registre Mercantil?<\/span><\/strong><\/span><\/h5>\n<p style=\"text-align: justify;\"><span style=\"font-size: 12pt;\">El Registre estar\u00e0 obert al p\u00fablic, a l&#8217;efecte de presentaci\u00f3 de documents, <strong>tots els dies h\u00e0bils, des de les 9.00 a les 17.00 hores, de dilluns a divendres. Durant el mes d&#8217;Agost de 9.00 a 14.00 de dilluns a divendres.<\/strong><\/span><\/p>\n<h5 style=\"text-align: justify;\"><span style=\"color: #af2d1e;\"><strong><span style=\"font-size: 12pt;\">Com presentar els documents en el Registre?<\/span><\/strong><\/span><\/h5>\n<ul style=\"text-align: justify;\">\n<li style=\"text-align: justify;\"><span style=\"font-size: 12pt;\"><strong>Personant-se f\u00edsicament<\/strong> en les oficines del Registre, dins de l&#8217;horari d&#8217;obertura al p\u00fablic.<\/span><\/li>\n<li style=\"text-align: justify;\"><span style=\"font-size: 12pt;\"><strong>Per correu certificat o per missatgeria.<\/strong> En cas de presentaci\u00f3 per <strong>correu, el seient de presentaci\u00f3 s&#8217;estendr\u00e0 al final del dia<\/strong> considerant com presentante el remitent del document. En cas de presentaci\u00f3 per <strong>missatgeria,<\/strong> el missatger haur\u00e0 d&#8217;aportar una <strong>autoritzaci\u00f3.<\/strong> Aquesta autoritzaci\u00f3, que servir\u00e0 perqu\u00e8 el missatger puga presentar en nom de l&#8217;interessat, s&#8217;expedir\u00e0 a favor de l&#8217;empresa de missatgeria, i haur\u00e0 d&#8217;estar acompanyada del DNI de qui sol\u00b7licita la presentaci\u00f3. En qualsevol dels dos casos, ser\u00e0 igualment necess\u00e0ria la<strong> provisi\u00f3 de fons per al BORME<\/strong>.<\/span><\/li>\n<li style=\"text-align: justify;\"><span style=\"font-size: 12pt;\">Quan conc\u00f3rreguen raons <strong>d&#8217;urg\u00e8ncia o necessitat<\/strong>, qualsevol dels atorgants podr\u00e0 sol\u00b7licitar del Registre Mercantil o de la Propietat del districte en qu\u00e8 s&#8217;haja atorgat el document, que es remeta al Registre Mercantil competent, conforme a l&#8217;estipulat en <strong>l&#8217;article 46 del Reglament del Registre Mercantil.<\/strong><\/span><\/li>\n<\/ul>\n<h5 style=\"text-align: justify;\"><strong><span style=\"font-size: 12pt; color: #af2d1e;\">Quina provisi\u00f3 de fons per a despeses de BORME he de deixar a l&#8217;hora de presentar els documents en el Registre?<\/span><\/strong><\/h5>\n<p style=\"text-align: justify;\"><span style=\"font-size: 12pt;\">Tots els documents hauran d&#8217;abonar 200 euros com a provisi\u00f3 \u00fanica a l&#8217;efecte de la publicaci\u00f3 en BORME i del despatx del document conforme a la Resoluci\u00f3 de la DGRN de 13 de maig de 2018.<\/span><\/p>\n<h5 style=\"text-align: justify;\"><strong><span style=\"font-size: 12pt; color: #af2d1e;\">Com puc fer les provisions?<\/span><\/strong><\/h5>\n<p style=\"text-align: justify;\"><span style=\"font-size: 12pt;\">El pagament de la provisi\u00f3 de fons pr\u00e8via a la presentaci\u00f3 dels Documents de Mercantil, Dep\u00f2sit de Comptes Anuals i Legalitzaci\u00f3 de Llibres, hauran de realitzar-se amb els impresos <strong>models 01, 02 i 03<\/strong>, respectivament, que estan a la seua disposici\u00f3 en aquesta p\u00e0gina web.<\/span><\/p>\n<p style=\"text-align: justify;\"><span style=\"font-size: 12pt;\">En l&#8217;apartat <strong>&#8220;Pagament Provisions&#8221;<\/strong> tenen les tres opcions per a generar els rebuts corresponents. Han d&#8217;emplenar tots els camps que se li demanen, generar el rebut i imprimir totes les seues c\u00f2pies, que una vegada pagues haur\u00e0 d&#8217;aportar al Registre juntament amb els documents a presentar.<\/span><\/p>\n<p style=\"text-align: justify;\"><span style=\"font-size: 12pt;\">El pagament de l&#8217;import es pot realitzar de la seg\u00fcent forma:<\/span><\/p>\n<ul>\n<li><span style=\"font-size: 12pt;\">Utilitzant el servei de <strong>Banca On Line<\/strong>\u00a0 si \u00e9s client d&#8217;alguna de les seg\u00fcents entitats banc\u00e0ries utiliz\u00e1ndo els seus respectius portals:<\/span>\n<ul>\n<li><a href=\"http:\/\/rmvalencia.com\/fileadmin\/Formularios\/Manuales\/Santander%20Pago%20online%20persona%20f%C3%ADsica.pdf\" target=\"_blank\" rel=\"noopener noreferrer\"><span style=\"font-size: 12pt;\">Santander\u00a0Persona\u00a0F\u00edsica<\/span><\/a><\/li>\n<li><span style=\"font-size: 12pt;\"><a href=\"https:\/\/rmvalencia.com\/fileadmin\/Formularios\/Manuales\/Pago%20online%20Empresa%20o%20Instituci%C3%B3n.pdf\" target=\"_blank\" rel=\"noopener noreferrer\">Santander Empreses<\/a><\/span><\/li>\n<li><a href=\"http:\/\/rmvalencia.com\/fileadmin\/Formularios\/Manuales\/BBVAPago%20Recibos.pdf\" target=\"_blank\" rel=\"noopener noreferrer\"><span style=\"font-size: 12pt;\">BBVA<\/span><\/a><\/li>\n<li>\n<h6><a href=\"https:\/\/rmvalencia.com\/fileadmin\/Formularios\/Manuales\/manual%20Abanca%20pago%20de%20provisiones.pdf\">ABANCA<\/a><\/h6>\n<\/li>\n<li><a href=\"http:\/\/rmvalencia.com\/fileadmin\/Formularios\/Manuales\/CajaMar%20Pago%20Recibos.pdf\" target=\"_blank\" rel=\"noopener noreferrer\"><span style=\"font-size: 12pt;\">CajaMar<\/span><\/a><\/li>\n<li><a href=\"http:\/\/rmvalencia.com\/fileadmin\/Formularios\/Manuales\/LaCaixa%20Manual%20L%C3%ADnea%20Abierta.pdf\" target=\"_blank\" rel=\"noopener noreferrer\"><span style=\"font-size: 12pt;\">CaixaBank<\/span><\/a><\/li>\n<\/ul>\n<\/li>\n<li><span style=\"font-size: 12pt;\">Per <a href=\"http:\/\/rmvalencia.com\/val\/pagament-provisions\/pagament-amb-targeta\/\">Targeta de Cr\u00e8dit<\/a> a trav\u00e9s del TPV virtual<\/span><\/li>\n<\/ul>\n<p><!--more--><\/p>\n<ul style=\"text-align: justify;\">\n<li style=\"text-align: justify;\"><span style=\"font-size: 12pt;\">Mitjan\u00e7ant <strong>efectiu o c\u00e0rrec en compte<\/strong> en qualsevol oficina de <strong>CAJAMAR I BANC SANTANDER<\/strong>, en els horaris establits a aquest efecte.<\/span><\/li>\n<li style=\"text-align: justify;\"><span style=\"font-size: 12pt;\">Exclusivament per a clients de <strong>&#8220;LA CAIXA&#8221;<\/strong>: el pagament nom\u00e9s es pot efectuar a trav\u00e9s de <strong>&#8220;L\u00ednia oberta&#8221;<\/strong>. En aquest cas, ens ha d&#8217;aportar c\u00f2pia impresa per vost\u00e9, de la transacci\u00f3 banc\u00e0ria efectuada per internet o rebut que li subministra el caixer autom\u00e0tic.<\/span><\/li>\n<\/ul>\n<h5 style=\"text-align: justify;\"><span style=\"color: #af2d1e;\"><strong><span style=\"font-size: 12pt;\">He d&#8217;aportar alguna dada en el moment de la presentaci\u00f3?<\/span><\/strong><\/span><\/h5>\n<p style=\"text-align: justify;\"><span style=\"font-size: 12pt;\">S\u00ed, haur\u00e0 d&#8217;indicar necess\u00e0riament, <strong>el seu nom i cognoms, DNI, domicili complet, amb indicaci\u00f3 del Codi Postal, adre\u00e7a de correu electr\u00f2nic,<\/strong> o si escau n\u00famero de fax. Igualment s&#8217;haur\u00e0 d&#8217;indicar si sol\u00b7licita la factura amb retenci\u00f3 o sense ella.<\/span><\/p>\n<h5 style=\"text-align: justify;\"><strong><span style=\"font-size: 12pt; color: #af2d1e;\">Qui pot retirar els documents presentats en el Registre?<\/span><\/strong><\/h5>\n<p style=\"text-align: justify;\"><span style=\"font-size: 12pt;\">Qualsevol persona podr\u00e0 retirar els documents presentats en el Registre, amb el resguard que es va entregar en el moment de la seua presentaci\u00f3, sempre que s&#8217;haja procedit a la inscripci\u00f3 total del document.<\/span><\/p>\n<p style=\"text-align: justify;\"><span style=\"font-size: 12pt;\">En cas que el document emmalaltisca de defectes o s&#8217;haja efectuat una inscripci\u00f3 parcial del mateix, nom\u00e9s podr\u00e0 retirar-se pel presentar-te del document, que haur\u00e0 d&#8217;identificar-se amb el seu DNI, o b\u00e9 per persona autoritzada per aquest, que haur\u00e0 d&#8217;acompanyar l&#8217;autoritzaci\u00f3 i c\u00f2pies dels DNI corresponents.<\/span><\/p>\n<h5 style=\"text-align: justify;\"><strong><span style=\"font-size: 12pt; color: #af2d1e;\">A partir de que moment puc passar a retirar els documents presentats en el Registre?<\/span><\/strong><\/h5>\n<p style=\"text-align: justify;\"><span style=\"font-size: 12pt;\">Si la <strong>comunicaci\u00f3 \u00e9s de despatx del document,<\/strong> podr\u00e0 <strong>retirar-se l&#8217;endem\u00e0 de la notificaci\u00f3.<\/strong> Si la notificaci\u00f3 \u00e9s que el document <strong>emmalalteix d&#8217;algun defecte,<\/strong> podr\u00e0 retirar-se als <strong>dos dies h\u00e0bils<\/strong> des de la notificaci\u00f3. En qualsevol cas, i si no ha pogut ser notificat els documents estaran a la seua disposici\u00f3 a partir del 15\u00ba dia h\u00e0bil seg\u00fcent a la seua presentaci\u00f3.<\/span><\/p>\n<p style=\"text-align: justify;\"><strong><span style=\"font-size: 12pt;\">Per a les sol\u00b7licituds de certificacions el termini per a la seua retirada ho ser\u00e0 a partir del 5\u00ba dia h\u00e0bil seg\u00fcent a la presentaci\u00f3 de la sol\u00b7licitud.<\/span><\/strong><\/p>\n<h5 style=\"text-align: justify;\"><strong><span style=\"font-size: 12pt; color: #af2d1e;\">Quin \u00e9s l&#8217;horari de caixa en el propi Registre?<\/span><\/strong><\/h5>\n<p style=\"text-align: justify;\"><span style=\"font-size: 12pt;\">L&#8217;horari compr\u00e9n des de les <strong>9.00 a les 14.00<\/strong> hores tots els dies laborables.<\/span><\/p>\n<h5 style=\"text-align: justify;\"><span style=\"color: #af2d1e;\"><strong><span style=\"font-size: 12pt;\">Si presente una escriptura per correu, Com \u00e9s la forma de devoluci\u00f3?<\/span><\/strong><\/span><\/h5>\n<p style=\"text-align: justify;\"><span style=\"font-size: 12pt;\">Tant per a la retirada dels documents enviats per correu certificat o per missatgeria, s&#8217;haur\u00e0 d&#8217;enviar a un missatger, o si escau, a persona autoritzada, perqu\u00e8 puga retirar el document i abonar honoraris registrals, ja siguen per despatx del document o per defecte. En qualsevol cas, l&#8217;autoritzaci\u00f3 deur\u00e0 ser igual que per a la presentaci\u00f3 dels documents per missatgeria, per\u00f2 indicant que l&#8217;autoritzaci\u00f3 ho \u00e9s per a retirar el corresponent document.<\/span><\/p>\n<h5 style=\"text-align: justify;\"><strong><span style=\"font-size: 12pt; color: #af2d1e;\">Com es liquiden els honoraris del Registre dels documents despatxats i inscrits?<\/span><\/strong><\/h5>\n<p style=\"text-align: justify;\"><span style=\"font-size: 12pt;\">Quan els <strong>honoraris<\/strong> del Registre siguen <strong>superiors<\/strong> a la <strong>provisi\u00f3 de fons<\/strong>, es podran <strong>liquidar en efectiu met\u00e0l\u00b7lic, amb targeta de cr\u00e8dit o amb xec bancari.<\/strong> En els casos en qu\u00e8 s&#8217;haja liquidat mitjan\u00e7ant transfer\u00e8ncia banc\u00e0ria, no es podr\u00e0 retirar el document mentre no s&#8217;haja fet efectiu l&#8217;abonament en el compte del Registre.<\/span><\/p>\n<p style=\"text-align: justify;\"><span style=\"font-size: 12pt;\">Quan els <strong>honoraris del Registre siguen inferiors<\/strong> a la <strong>provisi\u00f3 de fons<\/strong>, es procedir\u00e0 a la <strong>devoluci\u00f3 del sobrant mitjan\u00e7ant xec nominatiu a l&#8217;entitat a favor de la qual s&#8217;haja inscrit el document, o b\u00e9 a la persona f\u00edsica o jur\u00eddica que haja decidit el presentante en el moment de la recepci\u00f3 del document.<\/strong><\/span><\/p>\n<h5 style=\"text-align: justify;\"><strong><span style=\"font-size: 12pt; color: #af2d1e;\">Com es liquiden els honoraris del Registre dels documents qualificats amb defecte?<\/span><\/strong><\/h5>\n<p style=\"text-align: justify;\"><span style=\"font-size: 12pt;\">Hi ha dues possibilitats, a saber:<\/span><\/p>\n<ul style=\"text-align: justify;\">\n<li style=\"text-align: justify;\"><span style=\"font-size: 12pt;\"><strong>Abonar<\/strong> els honoraris reportats per la qualificaci\u00f3 del document, preservant la totalitat de la provisi\u00f3 de fons, en efectiu met\u00e0l\u00b7lic o amb xec bancari.<\/span><\/li>\n<li><span style=\"font-size: 12pt;\"><strong>Descomptar<\/strong> els honoraris reportats per la qualificaci\u00f3 del document de la provisi\u00f3 de fons.<\/span><\/li>\n<\/ul>\n<p style=\"text-align: justify;\"><span style=\"font-size: 12pt;\">El Registre recomana la primera opci\u00f3, ja que qui utilitza la segona opci\u00f3, haur\u00e0 de fer novament la provisi\u00f3 de fons en el moment que aportaci\u00f3 de nou el document ja esmenat al Registre, amb la conseg\u00fcent p\u00e8rdua de temps en tornar a efectuar l&#8217;operaci\u00f3 d&#8217;ingr\u00e9s.<\/span><\/p>\n<\/div><div id=\"fragment-2-2123716827\" class=\"clearfix be-tab-content\">\n<h5><strong><span style=\"font-size: 14pt; color: #af2d1e;\">Legislaci\u00f3 Vigent\u00a0<\/span><\/strong><\/h5>\n<ul>\n<li style=\"text-align: justify;\"><strong><strong><strong><span style=\"font-size: 12pt;\"><a href=\"https:\/\/www.boe.es\/buscar\/doc.php?id=BOE-A-1996-17533\" target=\"_blank\" rel=\"noopener noreferrer\">Real Decret 1784\/1996,\u00a0<\/a><\/span><\/strong><\/strong><span style=\"font-size: 12pt;\">de 19 de juliol,\u00a0<\/span><span style=\"font-size: 12pt;\">pel qual s&#8217;aprova el Reglament del Registre Mercantil.<\/span><\/strong><\/li>\n<li style=\"text-align: justify;\"><strong><strong><span style=\"font-size: 12pt;\"><a href=\"https:\/\/www.boe.es\/buscar\/act.php?id=BOE-A-2010-10544&#038;tn=2&#038;p=20171007\" target=\"_blank\" rel=\"noopener noreferrer\">Real Decret Legislatiu 1\/<span style=\"font-size: 12pt;\">2010,<\/span><\/a>\u00a0<\/span><\/strong><span style=\"font-size: 12pt;\">de 2 de juliol, pel qual s&#8217;aprova el text ref\u00f3s de la Llei de Societats de Capital.<\/span><\/strong><\/li>\n<\/ul>\n<\/div><div id=\"fragment-3-2123716827\" class=\"clearfix be-tab-content\">\n<p><span style=\"font-size: 12pt; color: #800000;\"><strong>Document de car\u00e0cter obligatori a aportar per a la presentaci\u00f3 dels documents<\/strong><\/span><\/p>\n<p><a href=\"https:\/\/rmvalencia.com\/fileadmin\/Formularios\/Espa%c3%b1ol\/Documentos\/Instancia%20de%20presetacion.pdf\"><span style=\"font-size: 12pt; color: #0000ff;\">Inst\u00e0ncia de presentaci\u00f3 de documents<\/span><\/a><\/p>\n<p>\u00a0<\/p>\n<\/div><\/div>\n<\/div><\/div><div class = \"tatsu-column-bg-image-wrap\"><div class = \"tatsu-column-bg-image\" ><\/div><\/div><\/div><style>.tatsu-row > .tatsu-frmmw5ko2vf4172y.tatsu-column{width: 100%;}.tatsu-frmmw5ko2vf4172y.tatsu-column > .tatsu-column-inner > .tatsu-column-overlay{mix-blend-mode: none;}.tatsu-frmmw5ko2vf4172y > .tatsu-column-inner > .tatsu-top-divider{z-index: 9999;}.tatsu-frmmw5ko2vf4172y > .tatsu-column-inner > .tatsu-bottom-divider{z-index: 9999;}.tatsu-frmmw5ko2vf4172y > .tatsu-column-inner > .tatsu-left-divider{z-index: 9999;}.tatsu-frmmw5ko2vf4172y > .tatsu-column-inner > .tatsu-right-divider{z-index: 9999;}<\/style><\/div><\/div><\/div><\/div><div class=\"tatsu-section-background-wrap\"><div class = \"tatsu-section-background\" ><\/div><\/div><style>.tatsu-frmmw5kmlw1vpbxk.tatsu-section{background-color: rgba(255,247,247,1);}.tatsu-frmmw5kmlw1vpbxk{border-width: 0-------px 0-------px 4--px 4--px ;border-style: solid;}.tatsu-frmmw5kmlw1vpbxk .tatsu-section-pad{padding: 10px 10px 10px 10px ;}.tatsu-frmmw5kmlw1vpbxk > .tatsu-bottom-divider{z-index: 9999;}.tatsu-frmmw5kmlw1vpbxk > .tatsu-top-divider{z-index: 9999;}<\/style><\/div>\n","protected":false},"excerpt":{"rendered":"<p>Qui pot presentar documents en el Registre Mercantil? Qui presente un document en el Registre Mercantil ser\u00e0 considerat representant de qui tinga la facultat o l&#8217;haver de sol\u00b7licitar la inscripci\u00f3. [&hellip;]<\/p>\n<p><a href=\"https:\/\/rmvalencia.com\/val\/documents\/\" class=\"more-link style3-button\">Read More<\/a><\/p>","protected":false},"author":8,"featured_media":0,"parent":0,"menu_order":0,"comment_status":"closed","ping_status":"closed","template":"page-with-title.php","meta":{"footnotes":""},"class_list":["post-6260","page","type-page","status-publish","hentry"],"_links":{"self":[{"href":"https:\/\/rmvalencia.com\/val\/wp-json\/wp\/v2\/pages\/6260","targetHints":{"allow":["GET"]}}],"collection":[{"href":"https:\/\/rmvalencia.com\/val\/wp-json\/wp\/v2\/pages"}],"about":[{"href":"https:\/\/rmvalencia.com\/val\/wp-json\/wp\/v2\/types\/page"}],"author":[{"embeddable":true,"href":"https:\/\/rmvalencia.com\/val\/wp-json\/wp\/v2\/users\/8"}],"replies":[{"embeddable":true,"href":"https:\/\/rmvalencia.com\/val\/wp-json\/wp\/v2\/comments?post=6260"}],"version-history":[{"count":0,"href":"https:\/\/rmvalencia.com\/val\/wp-json\/wp\/v2\/pages\/6260\/revisions"}],"wp:attachment":[{"href":"https:\/\/rmvalencia.com\/val\/wp-json\/wp\/v2\/media?parent=6260"}],"curies":[{"name":"wp","href":"https:\/\/api.w.org\/{rel}","templated":true}]}}