{"id":6253,"date":"2018-06-27T09:25:34","date_gmt":"2018-06-27T09:25:34","guid":{"rendered":"http:\/\/rmvalencia.com\/?page_id=6253"},"modified":"2018-06-27T12:52:57","modified_gmt":"2018-06-27T12:52:57","slug":"codi-lei","status":"publish","type":"page","link":"https:\/\/rmvalencia.com\/val\/codi-lei\/","title":{"rendered":"Codi LEI"},"content":{"rendered":"<div  class=\"tatsu-frkjgofsms2xyhfz tatsu-section    tatsu-clearfix\" data-title=\"\"  data-headerscheme=\"background--dark\"><div class='tatsu-section-pad clearfix' data-padding='{\"d\":\"8px 0px 17px 0px \"}' data-padding-top='8px'><div class=\"tatsu-row-wrap  tatsu-wrap tatsu-row-one-col tatsu-row-has-one-cols tatsu-medium-gutter tatsu-reg-cols  tatsu-clearfix tatsu-frkjgofsqo5mpx1u\" ><div  class=\"tatsu-row \" ><div  class=\"tatsu-column  tatsu-column-no-bg tatsu-one-col tatsu-column-image- tatsu-column-effect-  tatsu-frkjgofsv7c6ll8n\" data-animation=\"fadeIn\"   data-parallax-speed=\"0\" style=\"\"><div class=\"tatsu-column-inner \" ><div class=\"tatsu-column-pad-wrap\"><div class=\"tatsu-column-pad\" ><div  class=\"component component-fullwidth loaded fxSoftScale  tatsu-frkjgofsy92hp8bw   \"  data-height=\"360\" data-mobile-height=\"360\" data-current=\"0\" style=\"height: 360px;\"><ul class=\"itemwrap\"><li><div class=\"be-slide-bg-holder\">\n\t\t\t\t\t\t\t\t<div class=\"be-slide-bg be-bg-cover be-bg-parallax \" data-image=\"http:\/\/rmvalencia.com\/wp-content\/uploads\/2018\/05\/untitled.png\"><i class=\"font-icon loader-style4-wrap loader-icon\"><\/i><\/div>\n\t\t\t\t\t\t\t\t<div class=\"be-wrap\">\n\t\t\t\t\t\t\t\t\t<div class=\"be-slider-content-wrap\">\n\t\t\t\t\t\t\t\t\t\t<div class=\"be-slider-content clearfix\">\n\t\t\t\t\t\t\t\t\t\t\t<div class=\"be-slider-content-inner-wrap\" style=\"width: 80%;\"><div class=\"be-animate fadeIn animated be-slider-content-inner\">\n<p><span style=\"color: #000000;\"><span style=\"font-size: 24pt;\"><strong>CODI LEI <\/strong><\/span><span style=\"font-size: 24pt;\"><strong>(Identificador d&#8217;Entitat Jur\u00eddica)<\/strong><\/span><\/span><\/p>\n<\/div><\/div>\n\t\t\t\t\t\t\t\t\t\t<\/div>\n\t\t\t\t\t\t\t\t\t<\/div>\n\t\t\t\t\t\t\t\t<\/div>\n\t\t\t\t\t\t\t<\/div><\/li><\/ul><nav class=\"component-nav\"><a class=\"prev be-slider-prev\" href=\"#\"><i class=\"font-icon icon-arrow_carrot-left\"><\/i><\/a><a class=\"next be-slider-next\" href=\"#\"><i class=\"font-icon icon-arrow_carrot-right\"><\/i><\/a><\/nav><\/div><\/div><\/div><div class = \"tatsu-column-bg-image-wrap\"><div class = \"tatsu-column-bg-image\" ><\/div><\/div><\/div><style>.tatsu-frkjgofsv7c6ll8n.tatsu-column > .tatsu-column-inner > .tatsu-column-overlay{mix-blend-mode: none;}.tatsu-frkjgofsv7c6ll8n > .tatsu-column-inner > .tatsu-top-divider{z-index: 9999;}.tatsu-frkjgofsv7c6ll8n > .tatsu-column-inner > .tatsu-bottom-divider{z-index: 9999;}.tatsu-frkjgofsv7c6ll8n > .tatsu-column-inner > .tatsu-left-divider{z-index: 9999;}.tatsu-frkjgofsv7c6ll8n > .tatsu-column-inner > .tatsu-right-divider{z-index: 9999;}.tatsu-frkjgofsv7c6ll8n.tatsu-column{transform: translate3d(0px,0px, 0);}<\/style><\/div><\/div><\/div><div class=\"tatsu-row-wrap  tatsu-wrap tatsu-row-one-col tatsu-row-has-one-cols tatsu-medium-gutter tatsu-reg-cols  tatsu-clearfix tatsu-frkjgofusj2olr3z\" ><div  class=\"tatsu-row \" ><div  class=\"tatsu-column  tatsu-column-no-bg tatsu-one-col tatsu-column-image- tatsu-column-effect-  tatsu-frkjgofuwl895f42\" data-animation=\"fadeIn\"   data-parallax-speed=\"0\" style=\"\"><div class=\"tatsu-column-inner \" ><div class=\"tatsu-column-pad-wrap\"><div class=\"tatsu-column-pad\" ><div  class=\"tatsu-shortcode-module tatsu-module tatsu-frkjgofuzi6hqich   \"  >\n<p style=\"text-align: justify;\"><span style=\"color: #af2d1e;\"><strong><span style=\"font-size: 14pt;\">Sol\u00b7licitud de Codi LEI:<\/span><\/strong><\/span><\/p>\n<p style=\"text-align: justify;\"><span style=\"font-size: 12pt;\">El Codi LEI (Legal Entity Identifier, per les seues sigles en angl\u00e9s) \u00e9s un identificador alfanumerico \u00fanic, compost per 20 car\u00e0cters (est\u00e0ndard ISO 17442). Han d&#8217;estar en possessi\u00f3 d&#8217;aquest codi totes les entitats (amb o sense personalitat jur\u00eddica, excloent \u00fanicament a les persones naturals), que vagen a donar ordres a intermediaris financers per a realitzar transaccions sobre instruments admesos a negociaci\u00f3.<\/span><\/p>\n<p style=\"text-align: justify;\"><span style=\"font-size: 12pt;\">Pot obtindre&#8217;s el codi LEI a trav\u00e9s del seg\u00fcent enlla\u00e7 del Col\u00b7legi de Registradors, emplenant la sol\u00b7licitud, signant amb un certificat digital a nom de l&#8217;entitat o del sol\u00b7licitant del codi. Aquest portal tamb\u00e9 gestiona el cobrament relatiu als aranzels d&#8217;aplicaci\u00f3.<\/span><\/p>\n<p style=\"text-align: center;\"><a href=\"https:\/\/www.justicia.lei.registradores.org\/\" target=\"_blank\" rel=\"noopener\"><strong><span style=\"font-size: 14pt;\">https:\/\/www.justicia.lei.registradores.org\/<\/span><\/strong><\/a><\/p>\n<p style=\"text-align: justify;\"><span style=\"font-size: 12pt;\">Per a m\u00e9s informaci\u00f3 relativa a aquest tr\u00e0mit, pot consultar-se l&#8217;apartat d&#8217;Informaci\u00f3 del citat enlla\u00e7.<\/span><\/p>\n<p style=\"text-align: justify;\"><span style=\"font-size: 12pt;\">Les sol\u00b7licituds obtingudes en el citat enlla\u00e7, que tinguen indicat en el camp \u201coficina de tr\u00e0mit\u201d, el Registre Mercantil de Val\u00e8ncia, seran revisades per aquesta oficina, que resoldr\u00e0 estimant-les o desestimant-les, despr\u00e9s d&#8217;examinar les dades facilitades en aquestes.<\/span><\/p>\n<p style=\"text-align: justify;\"><span style=\"font-size: 12pt;\">Les consultes pr\u00e8vies a l&#8217;inici d&#8217;una sol\u00b7licitud poden ser referides a <strong>soporte.lei@corpme.es o 912701796 opc3,<\/strong> mentre que les consultes i tr\u00e0mits referits a sol\u00b7licituds ja iniciades poden ser remeses directament a aquesta oficina, <strong>valencia.lei@registromercantil.org.<\/strong><\/span><\/p>\n<p style=\"text-align: justify;\"><strong><span style=\"font-size: 12pt; color: #af2d1e;\">Manuals:<\/span><\/strong><\/p>\n<ul>\n<li style=\"text-align: justify;\"><strong><a href=\"https:\/\/www.justicia.lei.registradores.org\/Documents\/LEITutorial.ES.pdf\" target=\"_blank\" rel=\"noopener\"><span style=\"font-size: 12pt;\">Tutorial per a obtindre, renovar, reclamar i portar un LEI.<\/span><\/a><\/strong><\/li>\n<li style=\"text-align: justify;\"><strong><a href=\"https:\/\/www.justicia.lei.registradores.org\/Documents\/LEIBulkInsertTutorial.ES.pdf\" target=\"_blank\" rel=\"noopener\"><span style=\"font-size: 12pt;\">Tutorial per a sol\u00b7licituds per lots.<\/span><\/a><\/strong><\/li>\n<\/ul>\n<p><strong><span style=\"font-size: 12pt; color: #af2d1e;\">Legislaci\u00f3 associada a aquest tr\u00e0mit:<\/span><\/strong><\/p>\n<ul>\n<li style=\"text-align: justify;\"><strong><span style=\"font-size: 12pt;\"><a href=\"https:\/\/eur-lex.europa.eu\/legal-content\/ES\/TXT\/HTML\/?uri=CELEX:32017R0588&amp;from=ES\" target=\"_blank\" rel=\"noopener\">Reglament Delegat de la Comissi\u00f3 590\/2017<\/a>.<\/span><\/strong><\/li>\n<li style=\"text-align: justify;\"><strong><span style=\"font-size: 12pt;\"><a href=\"https:\/\/eur-lex.europa.eu\/legal-content\/ES\/TXT\/PDF\/?uri=CELEX:32014L0065&amp;from=ES\" target=\"_blank\" rel=\"noopener\">Directiva 2014\/65\/UE<\/a> del Parlament Europeu i del\u00a0 Consell.<\/span><\/strong><\/li>\n<li style=\"text-align: justify;\"><strong><span style=\"font-size: 12pt;\"><a href=\"https:\/\/eur-lex.europa.eu\/legal-content\/ES\/TXT\/PDF\/?uri=CELEX:32016R1033&amp;from=ES\" target=\"_blank\" rel=\"noopener\">Reglament (UE) n\u00ba 600\/2014<\/a> del Parlament Europeu i del Consell.<\/span><\/strong><\/li>\n<li style=\"text-align: justify;\"><strong><span style=\"font-size: 12pt;\"><a href=\"https:\/\/www.boe.es\/buscar\/doc.php?id=BOE-A-2014-627\" target=\"_blank\" rel=\"noopener\">Ordre JUS\/35\/2014, de 20 de gener<\/a>.<\/span><\/strong><\/li>\n<li style=\"text-align: justify;\"><strong><span style=\"font-size: 12pt;\"><a href=\"https:\/\/eur-lex.europa.eu\/LexUriServ\/LexUriServ.do?uri=OJ:L:2012:201:0001:0059:ES:PDF\" target=\"_blank\" rel=\"noopener\">Reglament UE n\u00ba 648\/2012<\/a> del Parlament Europeu.<\/span><\/strong><\/li>\n<li style=\"text-align: justify;\"><strong><span style=\"font-size: 12pt;\"><a href=\"https:\/\/www.boe.es\/buscar\/doc.php?id=BOE-A-2013-12529\" target=\"_blank\" rel=\"noopener\">Reial decret llei 14\/2013, de 29 de novembre<\/a>.<\/span><\/strong><\/li>\n<\/ul>\n<\/div><\/div><\/div><div class = \"tatsu-column-bg-image-wrap\"><div class = \"tatsu-column-bg-image\" ><\/div><\/div><\/div><style>.tatsu-frkjgofuwl895f42.tatsu-column > .tatsu-column-inner > .tatsu-column-overlay{mix-blend-mode: none;}.tatsu-frkjgofuwl895f42 > .tatsu-column-inner > .tatsu-top-divider{z-index: 9999;}.tatsu-frkjgofuwl895f42 > .tatsu-column-inner > .tatsu-bottom-divider{z-index: 9999;}.tatsu-frkjgofuwl895f42 > .tatsu-column-inner > .tatsu-left-divider{z-index: 9999;}.tatsu-frkjgofuwl895f42 > .tatsu-column-inner > .tatsu-right-divider{z-index: 9999;}.tatsu-frkjgofuwl895f42.tatsu-column{transform: translate3d(0px,0px, 0);}<\/style><\/div><\/div><\/div><\/div><div class=\"tatsu-section-background-wrap\"><div class = \"tatsu-section-background\" ><\/div><\/div><style>.tatsu-frkjgofsms2xyhfz.tatsu-section{background-color: rgba(255,247,247,1);margin: 0px 0px 0px 0px;}.tatsu-frkjgofsms2xyhfz .tatsu-section-pad{padding: 8px 0px 17px 0px ;}.tatsu-frkjgofsms2xyhfz > .tatsu-bottom-divider{z-index: 9999;}.tatsu-frkjgofsms2xyhfz > .tatsu-top-divider{z-index: 9999;}<\/style><\/div>\n","protected":false},"excerpt":{"rendered":"<p><a href=\"https:\/\/rmvalencia.com\/val\/codi-lei\/\" class=\"more-link style3-button\">Read More<\/a><\/p>","protected":false},"author":8,"featured_media":0,"parent":0,"menu_order":0,"comment_status":"closed","ping_status":"closed","template":"page-with-title.php","meta":{"footnotes":""},"class_list":["post-6253","page","type-page","status-publish","hentry"],"_links":{"self":[{"href":"https:\/\/rmvalencia.com\/val\/wp-json\/wp\/v2\/pages\/6253","targetHints":{"allow":["GET"]}}],"collection":[{"href":"https:\/\/rmvalencia.com\/val\/wp-json\/wp\/v2\/pages"}],"about":[{"href":"https:\/\/rmvalencia.com\/val\/wp-json\/wp\/v2\/types\/page"}],"author":[{"embeddable":true,"href":"https:\/\/rmvalencia.com\/val\/wp-json\/wp\/v2\/users\/8"}],"replies":[{"embeddable":true,"href":"https:\/\/rmvalencia.com\/val\/wp-json\/wp\/v2\/comments?post=6253"}],"version-history":[{"count":0,"href":"https:\/\/rmvalencia.com\/val\/wp-json\/wp\/v2\/pages\/6253\/revisions"}],"wp:attachment":[{"href":"https:\/\/rmvalencia.com\/val\/wp-json\/wp\/v2\/media?parent=6253"}],"curies":[{"name":"wp","href":"https:\/\/api.w.org\/{rel}","templated":true}]}}